{"id":26436,"date":"2022-05-13T12:34:58","date_gmt":"2022-05-13T10:34:58","guid":{"rendered":"http:\/\/www.fkpv.si\/en\/?page_id=26436"},"modified":"2025-02-17T11:37:22","modified_gmt":"2025-02-17T10:37:22","slug":"enrolment-of-foreigners","status":"publish","type":"page","link":"https:\/\/www.fkpv.si\/en\/prospective-students\/enrolment-of-foreigners\/","title":{"rendered":"Enrolment of Foreigners"},"content":{"rendered":"<div class=\"wpb-content-wrapper\"><p>[vc_row][vc_column][vc_column_text]<\/p>\n<h4 class=\"alignnone\"><a href=\"https:\/\/portal.evs.gov.si\/prijava\/?lang=en\" target=\"_blank\"><img loading=\"lazy\" decoding=\"async\" src=\"https:\/\/www.fkpv.si\/wp-content\/uploads\/2022\/05\/enrolment-application-for-study.jpg\" alt=\"enrolment-application-for-study\" width=\"481\" height=\"68\" class=\"img-responsive alignright wp-image-26439 size-full\" srcset=\"https:\/\/www.fkpv.si\/wp-content\/uploads\/2022\/05\/enrolment-application-for-study.jpg 481w, https:\/\/www.fkpv.si\/wp-content\/uploads\/2022\/05\/enrolment-application-for-study-150x21.jpg 150w, https:\/\/www.fkpv.si\/wp-content\/uploads\/2022\/05\/enrolment-application-for-study-400x57.jpg 400w\" sizes=\"auto, (max-width: 481px) 100vw, 481px\" \/><\/a><span style=\"color: #566caa;\"><strong><\/strong><\/span><\/h4>\n<h4><strong><span style=\"color: #566caa;\">APPLICATION DEADLINES<\/span><\/strong><\/h4>\n<ul>\n<li><span>1st deadline<\/span>: <span>18. 2. 2025 &#8211; 13. 7. 2025<\/span><\/li>\n<li><span>2nd deadline<\/span>: <span>19. 7. 2025 &#8211; 22. 9. 2025<\/span><\/li>\n<\/ul>\n<h4><span style=\"color: #566caa;\"><strong>ENROLMENT DEADLINES<\/strong><\/span><\/h4>\n<ul style=\"list-style-type: square;\">\n<li>1st deadline: 14. 7. 2025 &#8211; 18. 7. 2025<\/li>\n<li>2nd <span>deadline<\/span>: <span>19. 7. 2025 &#8211; 30. 9. 2025<\/span> or until vacancies are filled<\/li>\n<\/ul>\n<div class=\"vc_row wpb_row vc_row-fluid\">\n<div class=\"wpb_column vc_column_container vc_col-sm-12\">\n<div class=\"vc_column-inner \">\n<div class=\"wpb_wrapper\">\n<div class=\"wpb_text_column wpb_content_element \">\n<div class=\"wpb_wrapper\">\n<h4><span style=\"color: #566caa;\"><strong>ENROLMENT\u00a0APPLICATION<\/strong><\/span><\/h4>\n<p>The applicants applying to enrol with education acquired abroad must file an <strong>electronic application and all of the corresponding attachments through the <span style=\"font-size: 14pt; color: #008080;\"><a href=\"https:\/\/portal.evs.gov.si\/prijava\/?lang=en\" style=\"color: #008080;\">eV\u0160<\/a><\/span>.<\/strong><\/p>\n<\/div>\n<\/div>\n<\/div>\n<\/div>\n<\/div>\n<\/div>\n<p>The following is to be <strong>attached to the application<\/strong>:<br \/>\n<strong>1.<\/strong> a scan of the document certifying the completed educational programme,<br \/>\n<strong>2.<\/strong> a scan of a certified translation of this document (point 1) into Slovenia or English \u2013 original must be send to FKPV, Lava 7, 3000 Celje, Slovenia.<br \/>\n<strong>3.<\/strong> a scan of a certificate showing the content and duration of the educational programme and the fulfilled obligations during the programme (e.g. a diploma supplement, a secondary school report card),<br \/>\n<strong>4.<\/strong> a scan of a certified translation of this document (point 3) into Slovenia or English \u2013 original must be send to FKPV, Lava 7, 3000 Celje, Slovenia.<br \/>\n<strong>5<\/strong>. the <a href=\"https:\/\/www.fkpv.si\/wp-content\/uploads\/2023\/03\/chronological-description-of-education.docx\" target=\"_blank\">chronological description of the education<\/a> signed by the holder of the document<br \/>\n<strong>6.<\/strong> copy of a personal identification document.<\/p>\n<p><strong>If the FCBS is unable to verify the authenticity of the documents, the applicant will be asked to send the original document certifying the completed educational programme.<\/strong> The originals of the educational documents will be returned upon inspection.<\/p>\n<h4><\/h4>\n<h4><span style=\"color: #566caa;\"><strong>LANGUAGE<\/strong><\/span><\/h4>\n<p><strong>The study at FKPV is conducted only in the Slovenian language<\/strong>. Prior to enrollment (until the end of September 2023), FKPV may require candidates to provide a certificate of <strong>Slovenian language proficiency<\/strong>\u00a0<strong>certificate\u00a0(basic level)<\/strong>. Candidates can find more information about the options for taking the Slovenian language exam on the website of the <a href=\"https:\/\/www.gov.si\/en\/state-authorities\/government-offices\/government-office-for-the-support-and-integration-of-migrants\/about-the-office\/\">Government Office for the Support and Integration of Migrants<\/a>.<br \/>\n&#8211;\u00a0<a href=\"https:\/\/infotujci.si\/en\/integration-into-slovenian-society\/examination-of-the-slovenian-language-at-the-basic-level\/\" target=\"_blank\"><span>Examination of the Slovenian language at the basic level<\/span><\/a><br \/>\n&#8211;<a href=\"https:\/\/infotujci.si\/en\/integration-into-slovenian-society\/free-slovenian-language-courses\/\" target=\"_blank\"><span>Free Slovenian language courses<\/span><\/a><\/p>\n<h4><\/h4>\n<h4><span style=\"color: #566caa;\"><strong>RECOGNITION OF FOREIGN EDUCATION<\/strong><\/span><\/h4>\n<p><strong>Recognition of foreign education is carried out at FCBS.<\/strong> Pursuant to Official Gazette of the Republic of Slovenia, No. 87\/11, 97\/11-amended and 190\/12 &#8211; hereinafter ZVPI, the deadline for submitting a decision on the evaluation of foreign education is <strong>one month from receiving the complete applications<\/strong>. Applicants must comply with the deadlines for submitting attachments in the application. <strong>Recognition of foreign education\u00a0is 44 euros.<\/strong><\/p>\n<h4><\/h4>\n<h4><span style=\"color: #566caa;\"><strong>INSTRUCTIONS FOR COMPLETING THE APPLICATION<\/strong><\/span><\/h4>\n<p>&#8211;\u00a0<a href=\"https:\/\/portal.evs.gov.si\/navodila-za-i.-stopnjo\" target=\"_blank\">Undergraduate Studies<\/a><br \/>\n&#8211;\u00a0<a href=\"https:\/\/portal.evs.gov.si\/navodila-za-ii.-in-iii.-stopnjo\" target=\"_blank\">Postgraduate Studies<\/a><\/p>\n<h4><\/h4>\n<h4><span style=\"color: #566caa;\"><strong>SUPPORT (eV\u0160 APPLICATION)<\/strong><\/span><\/h4>\n<p>Technical issues: EKC &#8211; Contact Center of the State Administration via email <a href=\"&#109;&#x61;i&#x6c;t&#111;&#x3a;e&#x6b;c&#x40;g&#111;&#x76;.&#x73;i\" target=\"_blank\">e&#x6b;&#x63;&#64;&#103;&#x6f;&#x76;.&#115;&#x69;<\/a> or phone\u00a0<span>00386\u00a0<\/span>80 2002. Content issues: \u0160OS &#8211; Student organizations of Slovenia via email <a href=\"&#x6d;ai&#x6c;to&#x3a;in&#x66;o&#64;&#x70;od&#x70;or&#x61;&#45;v&#x70;&#105;s&#x2e;&#115;i\">&#105;&#x6e;f&#x6f;&#64;&#112;&#x6f;d&#x70;o&#114;&#x61;-&#x76;p&#x69;&#x73;.&#x73;i<\/a> or phone 00386 64 179 197.<\/p>\n<h4><\/h4>\n<h4><span style=\"color: #566caa;\"><strong>INFORMATION FOR\u00a0FOREIGNERS<\/strong><\/span><\/h4>\n<p>Candidates will receive all information by e-mail and on the website www.fkpv.sia and via email: <a href=\"&#109;&#x61;i&#x6c;t&#x6f;:&#100;&#x6f;d&#x69;p&#x6c;o&#109;&#x73;k&#x69;&#64;&#x66;k&#112;&#x76;.&#x73;i\" target=\"_blank\">&#x64;o&#x64;&#x69;p&#x6c;&#x6f;m&#x73;&#x6b;i&#x40;&#x66;k&#x70;&#x76;.&#x73;&#105;<\/a>.<\/p>\n<h4><\/h4>\n<h4><span style=\"color: #566caa;\"><strong>MORE INFORMATION<\/strong><\/span><\/h4>\n<p>&#8211;\u00a0<a href=\"https:\/\/studyinslovenia.si\/\">Study in Slovenia<\/a><br \/>\n&#8211;\u00a0<a href=\"https:\/\/www.gov.si\/en\/state-authorities\/ministries\/ministry-of-education-science-and-sport\/about-us\/higher-education-directorate\/enic-naric-center\/\">ENIC\/NARIC Centre Slovenia<\/a><br \/>\n&#8211;\u00a0<a href=\"https:\/\/www.gov.si\/en\/topics\/slovenias-assistance-to-the-citizens-of-ukraine\/\">Support for Ukrainian Nationals in Slovenia<\/a><br \/>\n&#8211;\u00a0<a href=\"https:\/\/slovenia-ukraine.info\/en\/\">Help for Ukrainian citizens in Slovenia<\/a><br \/>\n&#8211;\u00a0<a href=\"https:\/\/www.gov.si\/novice\/2022-06-15-zacetek-izdaje-izkaznic-za-osebe-z-zacasno-zascito\/\" target=\"_blank\">Izkaznice za osebe z za\u010dasno za\u0161\u010dito<\/a><span> (ID for persons with temporary protection)<\/span>[\/vc_column_text][\/vc_column][\/vc_row]<\/p>\n<\/div>","protected":false},"excerpt":{"rendered":"<p>[vc_row][vc_column][vc_column_text] APPLICATION DEADLINES 1st deadline: 18. 2. 2025 &#8211; 13. 7. 2025 2nd deadline: 19. 7. 2025 &#8211; 22. 9. 2025 ENROLMENT DEADLINES 1st deadline: 14. 7. 2025 &#8211; 18. 7. 2025 2nd deadline: 19. 7. 2025 &#8211; 30. 9. 2025 or until vacancies are filled ENROLMENT\u00a0APPLICATION The applicants applying to enrol with education acquired [&hellip;]<\/p>\n","protected":false},"author":6,"featured_media":0,"parent":5698,"menu_order":2,"comment_status":"closed","ping_status":"closed","template":"","meta":{"footnotes":""},"class_list":["post-26436","page","type-page","status-publish","hentry"],"yoast_head":"<!-- This site is optimized with the Yoast SEO plugin v25.4 - https:\/\/yoast.com\/wordpress\/plugins\/seo\/ -->\n<title>Enrolment of Foreigners | FKPV<\/title>\n<meta name=\"description\" content=\"APPLICATION DEADLINES 1st deadline: 18. 2. 2025 - 13. 7. 2025 2nd deadline: 19. 7. 2025 - 22. 9. 2025 ENROLMENT DEADLINES 1st deadline: 14. 7. 2025 - 18.\" \/>\n<meta name=\"robots\" content=\"index, follow, max-snippet:-1, max-image-preview:large, max-video-preview:-1\" \/>\n<link rel=\"canonical\" href=\"https:\/\/www.fkpv.si\/en\/prospective-students\/enrolment-of-foreigners\/\" \/>\n<meta property=\"og:locale\" content=\"en_US\" \/>\n<meta property=\"og:type\" content=\"article\" \/>\n<meta property=\"og:title\" content=\"Enrolment of Foreigners | FKPV\" \/>\n<meta property=\"og:description\" content=\"APPLICATION DEADLINES 1st deadline: 18. 2. 2025 - 13. 7. 2025 2nd deadline: 19. 7. 2025 - 22. 9. 2025 ENROLMENT DEADLINES 1st deadline: 14. 7. 2025 - 18.\" \/>\n<meta property=\"og:url\" content=\"https:\/\/www.fkpv.si\/en\/prospective-students\/enrolment-of-foreigners\/\" \/>\n<meta property=\"og:site_name\" content=\"FKPV\" \/>\n<meta property=\"article:modified_time\" content=\"2025-02-17T10:37:22+00:00\" \/>\n<meta property=\"og:image\" content=\"https:\/\/www.fkpv.si\/wp-content\/uploads\/2022\/05\/enrolment-application-for-study.jpg\" \/>\n\t<meta property=\"og:image:width\" content=\"481\" \/>\n\t<meta property=\"og:image:height\" content=\"68\" \/>\n\t<meta property=\"og:image:type\" content=\"image\/jpeg\" \/>\n<meta name=\"twitter:card\" content=\"summary_large_image\" \/>\n<meta name=\"twitter:label1\" content=\"Est. reading time\" \/>\n\t<meta name=\"twitter:data1\" content=\"3 minutes\" \/>\n<script type=\"application\/ld+json\" class=\"yoast-schema-graph\">{\"@context\":\"https:\/\/schema.org\",\"@graph\":[{\"@type\":\"WebPage\",\"@id\":\"https:\/\/www.fkpv.si\/en\/prospective-students\/enrolment-of-foreigners\/\",\"url\":\"https:\/\/www.fkpv.si\/en\/prospective-students\/enrolment-of-foreigners\/\",\"name\":\"Enrolment of Foreigners | FKPV\",\"isPartOf\":{\"@id\":\"https:\/\/www.fkpv.si\/#website\"},\"primaryImageOfPage\":{\"@id\":\"https:\/\/www.fkpv.si\/en\/prospective-students\/enrolment-of-foreigners\/#primaryimage\"},\"image\":{\"@id\":\"https:\/\/www.fkpv.si\/en\/prospective-students\/enrolment-of-foreigners\/#primaryimage\"},\"thumbnailUrl\":\"https:\/\/www.fkpv.si\/wp-content\/uploads\/2022\/05\/enrolment-application-for-study.jpg\",\"datePublished\":\"2022-05-13T10:34:58+00:00\",\"dateModified\":\"2025-02-17T10:37:22+00:00\",\"description\":\"APPLICATION DEADLINES 1st deadline: 18. 2. 2025 - 13. 7. 2025 2nd deadline: 19. 7. 2025 - 22. 9. 2025 ENROLMENT DEADLINES 1st deadline: 14. 7. 2025 - 18.\",\"breadcrumb\":{\"@id\":\"https:\/\/www.fkpv.si\/en\/prospective-students\/enrolment-of-foreigners\/#breadcrumb\"},\"inLanguage\":\"en-US\",\"potentialAction\":[{\"@type\":\"ReadAction\",\"target\":[\"https:\/\/www.fkpv.si\/en\/prospective-students\/enrolment-of-foreigners\/\"]}]},{\"@type\":\"ImageObject\",\"inLanguage\":\"en-US\",\"@id\":\"https:\/\/www.fkpv.si\/en\/prospective-students\/enrolment-of-foreigners\/#primaryimage\",\"url\":\"https:\/\/www.fkpv.si\/wp-content\/uploads\/2022\/05\/enrolment-application-for-study.jpg\",\"contentUrl\":\"https:\/\/www.fkpv.si\/wp-content\/uploads\/2022\/05\/enrolment-application-for-study.jpg\"},{\"@type\":\"BreadcrumbList\",\"@id\":\"https:\/\/www.fkpv.si\/en\/prospective-students\/enrolment-of-foreigners\/#breadcrumb\",\"itemListElement\":[{\"@type\":\"ListItem\",\"position\":1,\"name\":\"Home\",\"item\":\"https:\/\/www.fkpv.si\/en\/\"},{\"@type\":\"ListItem\",\"position\":2,\"name\":\"Future Students\",\"item\":\"https:\/\/www.fkpv.si\/en\/prospective-students\/\"},{\"@type\":\"ListItem\",\"position\":3,\"name\":\"Enrolment of Foreigners\"}]},{\"@type\":\"WebSite\",\"@id\":\"https:\/\/www.fkpv.si\/#website\",\"url\":\"https:\/\/www.fkpv.si\/\",\"name\":\"FKPV\",\"description\":\"\",\"potentialAction\":[{\"@type\":\"SearchAction\",\"target\":{\"@type\":\"EntryPoint\",\"urlTemplate\":\"https:\/\/www.fkpv.si\/?s={search_term_string}\"},\"query-input\":{\"@type\":\"PropertyValueSpecification\",\"valueRequired\":true,\"valueName\":\"search_term_string\"}}],\"inLanguage\":\"en-US\"}]}<\/script>\n<!-- \/ Yoast SEO plugin. -->","yoast_head_json":{"title":"Enrolment of Foreigners | FKPV","description":"APPLICATION DEADLINES 1st deadline: 18. 2. 2025 - 13. 7. 2025 2nd deadline: 19. 7. 2025 - 22. 9. 2025 ENROLMENT DEADLINES 1st deadline: 14. 7. 2025 - 18.","robots":{"index":"index","follow":"follow","max-snippet":"max-snippet:-1","max-image-preview":"max-image-preview:large","max-video-preview":"max-video-preview:-1"},"canonical":"https:\/\/www.fkpv.si\/en\/prospective-students\/enrolment-of-foreigners\/","og_locale":"en_US","og_type":"article","og_title":"Enrolment of Foreigners | FKPV","og_description":"APPLICATION DEADLINES 1st deadline: 18. 2. 2025 - 13. 7. 2025 2nd deadline: 19. 7. 2025 - 22. 9. 2025 ENROLMENT DEADLINES 1st deadline: 14. 7. 2025 - 18.","og_url":"https:\/\/www.fkpv.si\/en\/prospective-students\/enrolment-of-foreigners\/","og_site_name":"FKPV","article_modified_time":"2025-02-17T10:37:22+00:00","og_image":[{"width":481,"height":68,"url":"https:\/\/www.fkpv.si\/wp-content\/uploads\/2022\/05\/enrolment-application-for-study.jpg","type":"image\/jpeg"}],"twitter_card":"summary_large_image","twitter_misc":{"Est. reading time":"3 minutes"},"schema":{"@context":"https:\/\/schema.org","@graph":[{"@type":"WebPage","@id":"https:\/\/www.fkpv.si\/en\/prospective-students\/enrolment-of-foreigners\/","url":"https:\/\/www.fkpv.si\/en\/prospective-students\/enrolment-of-foreigners\/","name":"Enrolment of Foreigners | FKPV","isPartOf":{"@id":"https:\/\/www.fkpv.si\/#website"},"primaryImageOfPage":{"@id":"https:\/\/www.fkpv.si\/en\/prospective-students\/enrolment-of-foreigners\/#primaryimage"},"image":{"@id":"https:\/\/www.fkpv.si\/en\/prospective-students\/enrolment-of-foreigners\/#primaryimage"},"thumbnailUrl":"https:\/\/www.fkpv.si\/wp-content\/uploads\/2022\/05\/enrolment-application-for-study.jpg","datePublished":"2022-05-13T10:34:58+00:00","dateModified":"2025-02-17T10:37:22+00:00","description":"APPLICATION DEADLINES 1st deadline: 18. 2. 2025 - 13. 7. 2025 2nd deadline: 19. 7. 2025 - 22. 9. 2025 ENROLMENT DEADLINES 1st deadline: 14. 7. 2025 - 18.","breadcrumb":{"@id":"https:\/\/www.fkpv.si\/en\/prospective-students\/enrolment-of-foreigners\/#breadcrumb"},"inLanguage":"en-US","potentialAction":[{"@type":"ReadAction","target":["https:\/\/www.fkpv.si\/en\/prospective-students\/enrolment-of-foreigners\/"]}]},{"@type":"ImageObject","inLanguage":"en-US","@id":"https:\/\/www.fkpv.si\/en\/prospective-students\/enrolment-of-foreigners\/#primaryimage","url":"https:\/\/www.fkpv.si\/wp-content\/uploads\/2022\/05\/enrolment-application-for-study.jpg","contentUrl":"https:\/\/www.fkpv.si\/wp-content\/uploads\/2022\/05\/enrolment-application-for-study.jpg"},{"@type":"BreadcrumbList","@id":"https:\/\/www.fkpv.si\/en\/prospective-students\/enrolment-of-foreigners\/#breadcrumb","itemListElement":[{"@type":"ListItem","position":1,"name":"Home","item":"https:\/\/www.fkpv.si\/en\/"},{"@type":"ListItem","position":2,"name":"Future Students","item":"https:\/\/www.fkpv.si\/en\/prospective-students\/"},{"@type":"ListItem","position":3,"name":"Enrolment of Foreigners"}]},{"@type":"WebSite","@id":"https:\/\/www.fkpv.si\/#website","url":"https:\/\/www.fkpv.si\/","name":"FKPV","description":"","potentialAction":[{"@type":"SearchAction","target":{"@type":"EntryPoint","urlTemplate":"https:\/\/www.fkpv.si\/?s={search_term_string}"},"query-input":{"@type":"PropertyValueSpecification","valueRequired":true,"valueName":"search_term_string"}}],"inLanguage":"en-US"}]}},"_links":{"self":[{"href":"https:\/\/www.fkpv.si\/en\/wp-json\/wp\/v2\/pages\/26436","targetHints":{"allow":["GET"]}}],"collection":[{"href":"https:\/\/www.fkpv.si\/en\/wp-json\/wp\/v2\/pages"}],"about":[{"href":"https:\/\/www.fkpv.si\/en\/wp-json\/wp\/v2\/types\/page"}],"author":[{"embeddable":true,"href":"https:\/\/www.fkpv.si\/en\/wp-json\/wp\/v2\/users\/6"}],"replies":[{"embeddable":true,"href":"https:\/\/www.fkpv.si\/en\/wp-json\/wp\/v2\/comments?post=26436"}],"version-history":[{"count":6,"href":"https:\/\/www.fkpv.si\/en\/wp-json\/wp\/v2\/pages\/26436\/revisions"}],"predecessor-version":[{"id":36655,"href":"https:\/\/www.fkpv.si\/en\/wp-json\/wp\/v2\/pages\/26436\/revisions\/36655"}],"up":[{"embeddable":true,"href":"https:\/\/www.fkpv.si\/en\/wp-json\/wp\/v2\/pages\/5698"}],"wp:attachment":[{"href":"https:\/\/www.fkpv.si\/en\/wp-json\/wp\/v2\/media?parent=26436"}],"curies":[{"name":"wp","href":"https:\/\/api.w.org\/{rel}","templated":true}]}}