{"id":5557,"date":"2016-08-12T15:16:08","date_gmt":"2016-08-12T13:16:08","guid":{"rendered":"http:\/\/www.fkpv.si\/en\/domov\/"},"modified":"2026-01-26T12:28:24","modified_gmt":"2026-01-26T11:28:24","slug":"domov","status":"publish","type":"page","link":"https:\/\/www.fkpv.si\/en\/","title":{"rendered":"Domov"},"content":{"rendered":"<div class=\"wpb-content-wrapper\"><p>[vc_row full_width=&#8221;stretch_row_content_no_spaces&#8221; el_class=&#8221;main-video-row&#8221;][vc_column][vc_raw_html]JTNDdmlkZW8lMjB3aWR0aCUzRCUyMjEyODAlMjIlMjBoZWlnaHQlM0QlMjI3MjAlMjIlMjBhdXRvcGxheSUyMG11dGVkJTIwbG9vcCUyMHBsYXlzaW5saW5lJTNFJTBBJTIwJTIwJTNDc291cmNlJTIwc3JjJTNEJTIyaHR0cHMlM0ElMkYlMkZwaXNhcm5hLm5vdmlzcGxldC5jb20lMkZkZXYyJTJGZmtwdiUyRndwLWNvbnRlbnQlMkZ1cGxvYWRzJTJGdmlkZW8lMkZma3B2LTEubXA0JTIyJTIwdHlwZSUzRCUyMnZpZGVvJTJGbXA0JTIyJTNFJTBBJTIwJTIwWW91ciUyMGJyb3dzZXIlMjBkb2VzJTIwbm90JTIwc3VwcG9ydCUyMHRoZSUyMHZpZGVvJTIwdGFnLiUwQSUzQyUyRnZpZGVvJTNF[\/vc_raw_html][\/vc_column][\/vc_row][vc_row el_class=&#8221;home-3col-row&#8221;][vc_column][vc_row_inner][vc_column_inner offset=&#8221;vc_col-lg-4 vc_col-md-12&#8243;][vc_column_text el_class=&#8221;home-3col-heading&#8221;]<span style=\"font-size: 18pt;\"><strong>Undergraduate Studies<\/strong><\/span>[\/vc_column_text]    \r\n        <div class=\"ns-frontbox\">\r\n          <a href=\"https:\/\/www.fkpv.si\/studij\/dodiplomski-studij-pv\/kom\/\" target=\"\">\r\n            <div class=\"frontbox-content\">\r\n              <div class=\"frontbox-text\">\r\n              <h3>Commerce<\/h3>\r\n                              <p>Business Science I<\/p>\r\n                            <\/div>\r\n                <svg xmlns=\"http:\/\/www.w3.org\/2000\/svg\" width=\"14\" height=\"22\" viewBox=\"0 0 14 22\" fill=\"none\">\r\n<path d=\"M1.88843 21L11.7879 11.1005L1.88843 1.20101\" stroke=\"#282882\" stroke-width=\"2\" stroke-linecap=\"round\"\/>\r\n<\/svg>            <\/div>\r\n          <\/a>\r\n        <\/div>\r\n\r\n      \r\n        <div class=\"ns-frontbox\">\r\n          <a href=\"https:\/\/www.fkpv.si\/studij\/dodiplomski-studij-pv\/pin\/\" target=\"\">\r\n            <div class=\"frontbox-content\">\r\n              <div class=\"frontbox-text\">\r\n              <h3>Business Informatics<\/h3>\r\n                              <p>Business Science I<\/p>\r\n                            <\/div>\r\n                <svg xmlns=\"http:\/\/www.w3.org\/2000\/svg\" width=\"14\" height=\"22\" viewBox=\"0 0 14 22\" fill=\"none\">\r\n<path d=\"M1.88843 21L11.7879 11.1005L1.88843 1.20101\" stroke=\"#282882\" stroke-width=\"2\" stroke-linecap=\"round\"\/>\r\n<\/svg>            <\/div>\r\n          <\/a>\r\n        <\/div>\r\n\r\n      \r\n        <div class=\"ns-frontbox\">\r\n          <a href=\"https:\/\/www.fkpv.si\/studij\/dodiplomski-studij-pv\/tur\/\" target=\"\">\r\n            <div class=\"frontbox-content\">\r\n              <div class=\"frontbox-text\">\r\n              <h3>Tourism<\/h3>\r\n                              <p>Business Science I<\/p>\r\n                            <\/div>\r\n                <svg xmlns=\"http:\/\/www.w3.org\/2000\/svg\" width=\"14\" height=\"22\" viewBox=\"0 0 14 22\" fill=\"none\">\r\n<path d=\"M1.88843 21L11.7879 11.1005L1.88843 1.20101\" stroke=\"#282882\" stroke-width=\"2\" stroke-linecap=\"round\"\/>\r\n<\/svg>            <\/div>\r\n          <\/a>\r\n        <\/div>\r\n\r\n      \r\n        <div class=\"ns-frontbox\">\r\n          <a href=\"https:\/\/www.fkpv.si\/studij\/dodiplomski-studij-pv\/vm\/\" target=\"\">\r\n            <div class=\"frontbox-content\">\r\n              <div class=\"frontbox-text\">\r\n              <h3>Security management<\/h3>\r\n                              <p>Business Science I<\/p>\r\n                            <\/div>\r\n                <svg xmlns=\"http:\/\/www.w3.org\/2000\/svg\" width=\"14\" height=\"22\" viewBox=\"0 0 14 22\" fill=\"none\">\r\n<path d=\"M1.88843 21L11.7879 11.1005L1.88843 1.20101\" stroke=\"#282882\" stroke-width=\"2\" stroke-linecap=\"round\"\/>\r\n<\/svg>            <\/div>\r\n          <\/a>\r\n        <\/div>\r\n\r\n      \r\n        <div class=\"ns-frontbox\">\r\n          <a href=\"https:\/\/www.fkpv.si\/studij\/dodiplomski-studij-pv\/msd\/\" target=\"\">\r\n            <div class=\"frontbox-content\">\r\n              <div class=\"frontbox-text\">\r\n              <h3>Management of Social Activities<\/h3>\r\n                              <p>Business Science I<\/p>\r\n                            <\/div>\r\n                <svg xmlns=\"http:\/\/www.w3.org\/2000\/svg\" width=\"14\" height=\"22\" viewBox=\"0 0 14 22\" fill=\"none\">\r\n<path d=\"M1.88843 21L11.7879 11.1005L1.88843 1.20101\" stroke=\"#282882\" stroke-width=\"2\" stroke-linecap=\"round\"\/>\r\n<\/svg>            <\/div>\r\n          <\/a>\r\n        <\/div>\r\n\r\n  [\/vc_column_inner][vc_column_inner offset=&#8221;vc_col-lg-4 vc_col-md-12&#8243;][vc_column_text el_class=&#8221;home-3col-heading&#8221;]<span style=\"font-size: 18pt;\"><strong>Master Study Programme<\/strong><\/span>[\/vc_column_text]    \r\n        <div class=\"ns-frontbox\">\r\n          <a href=\"https:\/\/www.fkpv.si\/studij\/magistrski\/kom\/\" target=\"\">\r\n            <div class=\"frontbox-content\">\r\n              <div class=\"frontbox-text\">\r\n              <h3>Commerce<\/h3>\r\n                              <p>Business Science II<\/p>\r\n                            <\/div>\r\n                <svg xmlns=\"http:\/\/www.w3.org\/2000\/svg\" width=\"14\" height=\"22\" viewBox=\"0 0 14 22\" fill=\"none\">\r\n<path d=\"M1.88843 21L11.7879 11.1005L1.88843 1.20101\" stroke=\"#282882\" stroke-width=\"2\" stroke-linecap=\"round\"\/>\r\n<\/svg>            <\/div>\r\n          <\/a>\r\n        <\/div>\r\n\r\n      \r\n        <div class=\"ns-frontbox\">\r\n          <a href=\"https:\/\/www.fkpv.si\/studij\/magistrski\/pin\/\" target=\"\">\r\n            <div class=\"frontbox-content\">\r\n              <div class=\"frontbox-text\">\r\n              <h3>Business Informatics<\/h3>\r\n                              <p>Business Science II<\/p>\r\n                            <\/div>\r\n                <svg xmlns=\"http:\/\/www.w3.org\/2000\/svg\" width=\"14\" height=\"22\" viewBox=\"0 0 14 22\" fill=\"none\">\r\n<path d=\"M1.88843 21L11.7879 11.1005L1.88843 1.20101\" stroke=\"#282882\" stroke-width=\"2\" stroke-linecap=\"round\"\/>\r\n<\/svg>            <\/div>\r\n          <\/a>\r\n        <\/div>\r\n\r\n      \r\n        <div class=\"ns-frontbox\">\r\n          <a href=\"https:\/\/www.fkpv.si\/studij\/magistrski\/pin\/\" target=\"\">\r\n            <div class=\"frontbox-content\">\r\n              <div class=\"frontbox-text\">\r\n              <h3>Tourism<\/h3>\r\n                              <p>Business Science II<\/p>\r\n                            <\/div>\r\n                <svg xmlns=\"http:\/\/www.w3.org\/2000\/svg\" width=\"14\" height=\"22\" viewBox=\"0 0 14 22\" fill=\"none\">\r\n<path d=\"M1.88843 21L11.7879 11.1005L1.88843 1.20101\" stroke=\"#282882\" stroke-width=\"2\" stroke-linecap=\"round\"\/>\r\n<\/svg>            <\/div>\r\n          <\/a>\r\n        <\/div>\r\n\r\n      \r\n        <div class=\"ns-frontbox\">\r\n          <a href=\"https:\/\/www.fkpv.si\/studij\/magistrski\/vm\/\" target=\"\">\r\n            <div class=\"frontbox-content\">\r\n              <div class=\"frontbox-text\">\r\n              <h3>Security management<\/h3>\r\n                              <p>Business Science II<\/p>\r\n                            <\/div>\r\n                <svg xmlns=\"http:\/\/www.w3.org\/2000\/svg\" width=\"14\" height=\"22\" viewBox=\"0 0 14 22\" fill=\"none\">\r\n<path d=\"M1.88843 21L11.7879 11.1005L1.88843 1.20101\" stroke=\"#282882\" stroke-width=\"2\" stroke-linecap=\"round\"\/>\r\n<\/svg>            <\/div>\r\n          <\/a>\r\n        <\/div>\r\n\r\n  [\/vc_column_inner][vc_column_inner offset=&#8221;vc_col-lg-4 vc_col-md-12&#8243;][vc_column_text el_class=&#8221;home-3col-heading&#8221;]<span style=\"font-size: 18pt;\"><strong>Doctoral Study Programme<\/strong><\/span>[\/vc_column_text]    \r\n        <div class=\"ns-frontbox\">\r\n          <a href=\"https:\/\/www.fkpv.si\/studij\/doktorski\/\" target=\"\">\r\n            <div class=\"frontbox-content\">\r\n              <div class=\"frontbox-text\">\r\n              <h3>Business Science III<\/h3>\r\n                              <p>Business Science III<\/p>\r\n                            <\/div>\r\n                <svg xmlns=\"http:\/\/www.w3.org\/2000\/svg\" width=\"14\" height=\"22\" viewBox=\"0 0 14 22\" fill=\"none\">\r\n<path d=\"M1.88843 21L11.7879 11.1005L1.88843 1.20101\" stroke=\"#282882\" stroke-width=\"2\" stroke-linecap=\"round\"\/>\r\n<\/svg>            <\/div>\r\n          <\/a>\r\n        <\/div>\r\n\r\n  [\/vc_column_inner][\/vc_row_inner][\/vc_column][\/vc_row][vc_row el_class=&#8221;front-txt-row&#8221;][vc_column offset=&#8221;vc_col-lg-3 vc_col-md-12&#8243;][vc_column_text]<\/p>\n<h1 style=\"text-align: left;\"><span style=\"font-size: 20pt;\">Faculty of Commercial and Business Sciences<\/span><\/h1>\n<p>[\/vc_column_text][\/vc_column][vc_column offset=&#8221;vc_col-lg-6 vc_col-md-12&#8243;][vc_column_text]<\/p>\n<h1><span style=\"font-size: 14pt;\"><strong data-start=\"0\" data-end=\"22\" data-is-only-node=\"\">Accredited Studies<\/strong><\/span><\/h1>\n<p>Studying at FKPV is accredited in Slovenia and internationally recognized, ensuring a high-quality, officially validated education at all levels \u2013 from bachelor&#8217;s and master&#8217;s to doctoral studies.[\/vc_column_text][\/vc_column][vc_column offset=&#8221;vc_col-lg-3 vc_col-md-12&#8243;][vc_single_image image=&#8221;35194&#8243; img_size=&#8221;full&#8221;][\/vc_column][\/vc_row][vc_row full_width=&#8221;stretch_row_content_no_spaces&#8221; el_class=&#8221;front-map-row&#8221;][vc_column width=&#8221;1\/2&#8243;][vc_single_image image=&#8221;35034&#8243; img_size=&#8221;full&#8221; alignment=&#8221;right&#8221;][\/vc_column][vc_column width=&#8221;1\/2&#8243;][vc_column_text]<\/p>\n<h2 style=\"text-align: left;\">FOR FUTURE STUDENTS<\/h2>\n<h3 style=\"text-align: left;\">Why choose FKPV for your studies?<\/h3>\n<ul>\n<li style=\"text-align: left;\">Study in the way that suits you best \u2013 <span>in our facilities or online.<\/span><\/li>\n<li style=\"text-align: left;\">Lecture recordings available throughout the academic year \u2013 <span>flexibility in studying and exam preparation.<\/span><\/li>\n<li style=\"text-align: left;\">Timetable published already in September \u2013 <span>making it easier to balance work, family, and free time.<\/span><\/li>\n<li style=\"text-align: left;\">Personal approach and always-accessible student office \u2013 <span>fast and friendly support.<\/span><\/li>\n<li style=\"text-align: left;\">Study programs with clear goals \u2013 <span>modern and practice-oriented.<\/span><\/li>\n<li style=\"text-align: left;\">Affordable studies \u2013 <span>tuition with no hidden costs.<\/span><\/li>\n<\/ul>\n<p>[\/vc_column_text][vc_row_inner el_class=&#8221;map-btns-container&#8221;][vc_column_inner]\t\r\n\t\t<a href=\"https:\/\/www.fkpv.si\/bodoci-studentje\/lp\/\" target=\"\" class=\"btn btn-trans btn-lg \" id=\"\">\r\n    Read more<\/a>\r\n\r\n\t\t[\/vc_column_inner][\/vc_row_inner][\/vc_column][\/vc_row][vc_row el_class=&#8221;newsletter-row&#8221;][vc_column][vc_row_inner][vc_column_inner offset=&#8221;vc_col-lg-6 vc_col-md-12&#8243;][vc_column_text]<strong>Follow and Subscribe<\/strong><br \/>\nWe invite you to stay up to date with the latest news and information about us and our programs. Sign up for our mailing list to receive notifications.[\/vc_column_text][\/vc_column_inner][vc_column_inner offset=&#8221;vc_col-lg-6 vc_col-md-12&#8243;]  \n\n    <div class=\"enews\">\n\t\t\t\t<form id=\"newsletter_form\">\n                    <div class=\"col newsletter_form_elements_container\">\n    \t\t\t\t\t<input id=\"email\" type=\"text\" placeholder=\"Enter your e-mail address...\" \/>\n    \t\t\t\t\t<button id=\"submit\" type=\"submit\" class=\"btn btn-lg btn-primary\">Send<\/button>\n                    <\/div>\n                    <div class=\"col\">\n                        <label> <input id=\"gdpr\" type=\"checkbox\" name=\"gdpr\" value=\"1\"\/><span class=\"gdpr-conditions\">Sogla\u0161am, da mi FKPV lahko po\u0161ilja e-po\u0161tna obvestila o novicah. Ogled <a href=\"https:\/\/www.fkpv.si\/o-fkpv\/politika-zasebnosti\/\" target=\"_blank\">splo\u0161nih pogojev.<\/a><\/span><\/label>\n                        <div id=\"rtrn\"><\/div>\n                    <\/div>\n                <\/form>\n\t<\/div> \n\n        \n        \n        [\/vc_column_inner][\/vc_row_inner][\/vc_column][\/vc_row]<\/p>\n<\/div>","protected":false},"excerpt":{"rendered":"<p>[vc_row full_width=&#8221;stretch_row_content_no_spaces&#8221; el_class=&#8221;main-video-row&#8221;][vc_column][vc_raw_html]JTNDdmlkZW8lMjB3aWR0aCUzRCUyMjEyODAlMjIlMjBoZWlnaHQlM0QlMjI3MjAlMjIlMjBhdXRvcGxheSUyMG11dGVkJTIwbG9vcCUyMHBsYXlzaW5saW5lJTNFJTBBJTIwJTIwJTNDc291cmNlJTIwc3JjJTNEJTIyaHR0cHMlM0ElMkYlMkZwaXNhcm5hLm5vdmlzcGxldC5jb20lMkZkZXYyJTJGZmtwdiUyRndwLWNvbnRlbnQlMkZ1cGxvYWRzJTJGdmlkZW8lMkZma3B2LTEubXA0JTIyJTIwdHlwZSUzRCUyMnZpZGVvJTJGbXA0JTIyJTNFJTBBJTIwJTIwWW91ciUyMGJyb3dzZXIlMjBkb2VzJTIwbm90JTIwc3VwcG9ydCUyMHRoZSUyMHZpZGVvJTIwdGFnLiUwQSUzQyUyRnZpZGVvJTNF[\/vc_raw_html][\/vc_column][\/vc_row][vc_row el_class=&#8221;home-3col-row&#8221;][vc_column][vc_row_inner][vc_column_inner offset=&#8221;vc_col-lg-4 vc_col-md-12&#8243;][vc_column_text el_class=&#8221;home-3col-heading&#8221;]Undergraduate Studies[\/vc_column_text][\/vc_column_inner][vc_column_inner offset=&#8221;vc_col-lg-4 vc_col-md-12&#8243;][vc_column_text el_class=&#8221;home-3col-heading&#8221;]Master Study Programme[\/vc_column_text][\/vc_column_inner][vc_column_inner offset=&#8221;vc_col-lg-4 vc_col-md-12&#8243;][vc_column_text el_class=&#8221;home-3col-heading&#8221;]Doctoral Study Programme[\/vc_column_text][\/vc_column_inner][\/vc_row_inner][\/vc_column][\/vc_row][vc_row el_class=&#8221;front-txt-row&#8221;][vc_column offset=&#8221;vc_col-lg-3 vc_col-md-12&#8243;][vc_column_text] Faculty of Commercial and Business Sciences [\/vc_column_text][\/vc_column][vc_column offset=&#8221;vc_col-lg-6 vc_col-md-12&#8243;][vc_column_text] Accredited Studies Studying at FKPV is accredited in Slovenia and internationally recognized, ensuring a high-quality, officially validated education at all levels \u2013 from bachelor&#8217;s and [&hellip;]<\/p>\n","protected":false},"author":1,"featured_media":9337,"parent":0,"menu_order":0,"comment_status":"closed","ping_status":"closed","template":"","meta":{"footnotes":""},"class_list":["post-5557","page","type-page","status-publish","has-post-thumbnail","hentry"],"yoast_head":"<!-- This site is optimized with the Yoast SEO plugin v25.4 - https:\/\/yoast.com\/wordpress\/plugins\/seo\/ -->\n<title>Fakulteta za komercialne in poslovne vede | Komerciala, Poslovna informatika, Turizem, Poslovne vede<\/title>\n<meta name=\"description\" content=\"Fakulteta za komercialne in poslovne vede FKPV. \u0160tudij Komerciale, poslovne informatike, turizma in poslovnih ved.\" \/>\n<meta name=\"robots\" content=\"index, follow, max-snippet:-1, max-image-preview:large, max-video-preview:-1\" \/>\n<link rel=\"canonical\" href=\"https:\/\/www.fkpv.si\/en\/\" \/>\n<meta property=\"og:locale\" content=\"en_US\" \/>\n<meta property=\"og:type\" content=\"article\" \/>\n<meta property=\"og:title\" content=\"Fakulteta za komercialne in poslovne vede | Komerciala, Poslovna informatika, Turizem, Poslovne vede\" \/>\n<meta property=\"og:description\" content=\"Fakulteta za komercialne in poslovne vede FKPV. \u0160tudij Komerciale, poslovne informatike, turizma in poslovnih ved.\" \/>\n<meta property=\"og:url\" content=\"https:\/\/www.fkpv.si\/en\/\" \/>\n<meta property=\"og:site_name\" content=\"FKPV\" \/>\n<meta property=\"article:modified_time\" content=\"2026-01-26T11:28:24+00:00\" \/>\n<meta property=\"og:image\" content=\"https:\/\/www.fkpv.si\/wp-content\/uploads\/2017\/08\/111111111.png\" \/>\n\t<meta property=\"og:image:width\" content=\"456\" \/>\n\t<meta property=\"og:image:height\" content=\"521\" \/>\n\t<meta property=\"og:image:type\" content=\"image\/png\" \/>\n<meta name=\"twitter:card\" content=\"summary_large_image\" \/>\n<meta name=\"twitter:label1\" content=\"Est. reading time\" \/>\n\t<meta name=\"twitter:data1\" content=\"2 minutes\" \/>\n<script type=\"application\/ld+json\" class=\"yoast-schema-graph\">{\"@context\":\"https:\/\/schema.org\",\"@graph\":[{\"@type\":\"WebPage\",\"@id\":\"https:\/\/www.fkpv.si\/en\/\",\"url\":\"https:\/\/www.fkpv.si\/en\/\",\"name\":\"Fakulteta za komercialne in poslovne vede | Komerciala, Poslovna informatika, Turizem, Poslovne vede\",\"isPartOf\":{\"@id\":\"https:\/\/www.fkpv.si\/#website\"},\"primaryImageOfPage\":{\"@id\":\"https:\/\/www.fkpv.si\/en\/#primaryimage\"},\"image\":{\"@id\":\"https:\/\/www.fkpv.si\/en\/#primaryimage\"},\"thumbnailUrl\":\"https:\/\/www.fkpv.si\/wp-content\/uploads\/2017\/08\/111111111.png\",\"datePublished\":\"2016-08-12T13:16:08+00:00\",\"dateModified\":\"2026-01-26T11:28:24+00:00\",\"description\":\"Fakulteta za komercialne in poslovne vede FKPV. \u0160tudij Komerciale, poslovne informatike, turizma in poslovnih ved.\",\"breadcrumb\":{\"@id\":\"https:\/\/www.fkpv.si\/en\/#breadcrumb\"},\"inLanguage\":\"en-US\",\"potentialAction\":[{\"@type\":\"ReadAction\",\"target\":[\"https:\/\/www.fkpv.si\/en\/\"]}]},{\"@type\":\"ImageObject\",\"inLanguage\":\"en-US\",\"@id\":\"https:\/\/www.fkpv.si\/en\/#primaryimage\",\"url\":\"https:\/\/www.fkpv.si\/wp-content\/uploads\/2017\/08\/111111111.png\",\"contentUrl\":\"https:\/\/www.fkpv.si\/wp-content\/uploads\/2017\/08\/111111111.png\",\"width\":456,\"height\":521},{\"@type\":\"BreadcrumbList\",\"@id\":\"https:\/\/www.fkpv.si\/en\/#breadcrumb\",\"itemListElement\":[{\"@type\":\"ListItem\",\"position\":1,\"name\":\"Home\",\"item\":\"https:\/\/www.fkpv.si\/en\/\"},{\"@type\":\"ListItem\",\"position\":2,\"name\":\"Domov\"}]},{\"@type\":\"WebSite\",\"@id\":\"https:\/\/www.fkpv.si\/#website\",\"url\":\"https:\/\/www.fkpv.si\/\",\"name\":\"FKPV\",\"description\":\"\",\"potentialAction\":[{\"@type\":\"SearchAction\",\"target\":{\"@type\":\"EntryPoint\",\"urlTemplate\":\"https:\/\/www.fkpv.si\/?s={search_term_string}\"},\"query-input\":{\"@type\":\"PropertyValueSpecification\",\"valueRequired\":true,\"valueName\":\"search_term_string\"}}],\"inLanguage\":\"en-US\"}]}<\/script>\n<!-- \/ Yoast SEO plugin. -->","yoast_head_json":{"title":"Fakulteta za komercialne in poslovne vede | Komerciala, Poslovna informatika, Turizem, Poslovne vede","description":"Fakulteta za komercialne in poslovne vede FKPV. \u0160tudij Komerciale, poslovne informatike, turizma in poslovnih ved.","robots":{"index":"index","follow":"follow","max-snippet":"max-snippet:-1","max-image-preview":"max-image-preview:large","max-video-preview":"max-video-preview:-1"},"canonical":"https:\/\/www.fkpv.si\/en\/","og_locale":"en_US","og_type":"article","og_title":"Fakulteta za komercialne in poslovne vede | Komerciala, Poslovna informatika, Turizem, Poslovne vede","og_description":"Fakulteta za komercialne in poslovne vede FKPV. \u0160tudij Komerciale, poslovne informatike, turizma in poslovnih ved.","og_url":"https:\/\/www.fkpv.si\/en\/","og_site_name":"FKPV","article_modified_time":"2026-01-26T11:28:24+00:00","og_image":[{"width":456,"height":521,"url":"https:\/\/www.fkpv.si\/wp-content\/uploads\/2017\/08\/111111111.png","type":"image\/png"}],"twitter_card":"summary_large_image","twitter_misc":{"Est. reading time":"2 minutes"},"schema":{"@context":"https:\/\/schema.org","@graph":[{"@type":"WebPage","@id":"https:\/\/www.fkpv.si\/en\/","url":"https:\/\/www.fkpv.si\/en\/","name":"Fakulteta za komercialne in poslovne vede | Komerciala, Poslovna informatika, Turizem, Poslovne vede","isPartOf":{"@id":"https:\/\/www.fkpv.si\/#website"},"primaryImageOfPage":{"@id":"https:\/\/www.fkpv.si\/en\/#primaryimage"},"image":{"@id":"https:\/\/www.fkpv.si\/en\/#primaryimage"},"thumbnailUrl":"https:\/\/www.fkpv.si\/wp-content\/uploads\/2017\/08\/111111111.png","datePublished":"2016-08-12T13:16:08+00:00","dateModified":"2026-01-26T11:28:24+00:00","description":"Fakulteta za komercialne in poslovne vede FKPV. \u0160tudij Komerciale, poslovne informatike, turizma in poslovnih ved.","breadcrumb":{"@id":"https:\/\/www.fkpv.si\/en\/#breadcrumb"},"inLanguage":"en-US","potentialAction":[{"@type":"ReadAction","target":["https:\/\/www.fkpv.si\/en\/"]}]},{"@type":"ImageObject","inLanguage":"en-US","@id":"https:\/\/www.fkpv.si\/en\/#primaryimage","url":"https:\/\/www.fkpv.si\/wp-content\/uploads\/2017\/08\/111111111.png","contentUrl":"https:\/\/www.fkpv.si\/wp-content\/uploads\/2017\/08\/111111111.png","width":456,"height":521},{"@type":"BreadcrumbList","@id":"https:\/\/www.fkpv.si\/en\/#breadcrumb","itemListElement":[{"@type":"ListItem","position":1,"name":"Home","item":"https:\/\/www.fkpv.si\/en\/"},{"@type":"ListItem","position":2,"name":"Domov"}]},{"@type":"WebSite","@id":"https:\/\/www.fkpv.si\/#website","url":"https:\/\/www.fkpv.si\/","name":"FKPV","description":"","potentialAction":[{"@type":"SearchAction","target":{"@type":"EntryPoint","urlTemplate":"https:\/\/www.fkpv.si\/?s={search_term_string}"},"query-input":{"@type":"PropertyValueSpecification","valueRequired":true,"valueName":"search_term_string"}}],"inLanguage":"en-US"}]}},"_links":{"self":[{"href":"https:\/\/www.fkpv.si\/en\/wp-json\/wp\/v2\/pages\/5557","targetHints":{"allow":["GET"]}}],"collection":[{"href":"https:\/\/www.fkpv.si\/en\/wp-json\/wp\/v2\/pages"}],"about":[{"href":"https:\/\/www.fkpv.si\/en\/wp-json\/wp\/v2\/types\/page"}],"author":[{"embeddable":true,"href":"https:\/\/www.fkpv.si\/en\/wp-json\/wp\/v2\/users\/1"}],"replies":[{"embeddable":true,"href":"https:\/\/www.fkpv.si\/en\/wp-json\/wp\/v2\/comments?post=5557"}],"version-history":[{"count":46,"href":"https:\/\/www.fkpv.si\/en\/wp-json\/wp\/v2\/pages\/5557\/revisions"}],"predecessor-version":[{"id":36794,"href":"https:\/\/www.fkpv.si\/en\/wp-json\/wp\/v2\/pages\/5557\/revisions\/36794"}],"wp:featuredmedia":[{"embeddable":true,"href":"https:\/\/www.fkpv.si\/en\/wp-json\/wp\/v2\/media\/9337"}],"wp:attachment":[{"href":"https:\/\/www.fkpv.si\/en\/wp-json\/wp\/v2\/media?parent=5557"}],"curies":[{"name":"wp","href":"https:\/\/api.w.org\/{rel}","templated":true}]}}