{"id":6030,"date":"2017-01-24T12:51:33","date_gmt":"2017-01-24T11:51:24","guid":{"rendered":"http:\/\/www.fkpv.si\/en\/?page_id=6030"},"modified":"2024-02-23T14:22:02","modified_gmt":"2024-02-23T13:22:02","slug":"the-programme-and-organising-board","status":"publish","type":"page","link":"https:\/\/www.fkpv.si\/en\/conference-invitation\/the-programme-and-organising-board\/","title":{"rendered":"The Programme and Organising Board"},"content":{"rendered":"<p><strong><a href=\"https:\/\/www.fkpv.si\/wp-content\/uploads\/2017\/01\/konferenca_header_2015.jpg\"><img loading=\"lazy\" decoding=\"async\" src=\"https:\/\/www.fkpv.si\/wp-content\/uploads\/2017\/01\/konferenca_header_2015.jpg\" alt=\"konferenca_header_2015\" class=\"alignnone size-full wp-image-6116 img-responsive\" height=\"305\" width=\"490\" srcset=\"https:\/\/www.fkpv.si\/wp-content\/uploads\/2017\/01\/konferenca_header_2015.jpg 490w, https:\/\/www.fkpv.si\/wp-content\/uploads\/2017\/01\/konferenca_header_2015-150x93.jpg 150w, https:\/\/www.fkpv.si\/wp-content\/uploads\/2017\/01\/konferenca_header_2015-400x249.jpg 400w\" sizes=\"auto, (max-width: 490px) 100vw, 490px\" \/><\/a><\/strong><\/p>\n<p><strong>THE PROGRAMME BOARD<\/strong><\/p>\n<ul>\n<li>izr. prof. dr. Marjana Merka\u010d Skok (FKPV, Slovenija) &#8211; predsednica<\/li>\n<li>red. prof. dr. Desimir Bo\u0161kovi\u0107 (IPTPO, Hrva\u0161ka)<\/li>\n<li>doc. dr. Anita Goltnik Urnaut (FKPV, Slovenija)<\/li>\n<li>prof. dr. Bo\u0161tjan Anton\u010di\u010d (Univerza na Primorskem, Slovenija)<\/li>\n<li>red. prof. dr. Marjan Cingula (Ekonomska fakulteta Zagreb, Hrva\u0161ka)<\/li>\n<li>doc. dr. Mirela Cristea (University of Craiova, Romunija)<\/li>\n<li>izr. prof. dr. Gabrijel Devetak (Univerza v Mariboru, Univerza na Primorskem, Slovenija)<\/li>\n<li>red. prof. dr. Ksenija Dumi\u010di\u010d (Ekonomska fakulteta Zagreb, Hrva\u0161ka)<\/li>\n<li>izr. prof. dr. Bojan Gro\u0161elj (XLAB RTD d. o. o., Slovenija)<\/li>\n<li>prof. dr. Gabriele Hausmann (Institut f\u00fcr Management, Avstrija)<\/li>\n<li>red. prof. dr. Mirjana Peji\u0107 Bach (Ekonomska fakulteta Zagreb, Hrva\u0161ka)<\/li>\n<li>doc. dr. Tatjana Kova\u010d (FKPV, Slovenija)<\/li>\n<li>izr. prof. dr. Stanko Ko\u017eelj (Zveza ra\u010dunovodij, finan\u010dnikov in revizorjev Slovenije, Slovenija)<\/li>\n<li>prof. dr. Milena Per\u0161i\u010d (Fakulteta za turisti\u010dni in hotelski management, Hrva\u0161ka)<\/li>\n<li>prof. dr. Vojko Poto\u010dan (EPF Maribor, Slovenija)<\/li>\n<li>doc. dr. Viljem P\u0161eni\u010dny (DOBA Maribor, Slovenija)<\/li>\n<li>prof. dr. Wolfgang Reiger (Institut f\u00fcr Management, Avstrija)<\/li>\n<li>prof. dr. Hermann Frank (university of Economics and Business, Avstrija)<\/li>\n<li>prof. dr. Julian Schuster (Hamline University, ZDA)<\/li>\n<li>prof. dr. Galina Shirokova (St. Petersburg State University, Russia)<\/li>\n<li>red. prof. dr. Boris Snoj (Univerza v Mariboru, Slovenija)<\/li>\n<li>prof. dr. Fuada Stankovi\u010d (Univerza Novi Sad, Srbija)<\/li>\n<li>red. prof. dr. Rajko \u0160ugman (Univerza v Ljubljani, Slovenija)<\/li>\n<li>doc. dr. Hana \u0160uster Erjavec (FKPV, Slovenija)<\/li>\n<li>prof. dr. Kiril Todoorov (University of National and Word Economy, Bolgarija)<\/li>\n<li>red. prof. dr. Goran Vukovi\u010d (Univerza v Mariboru, Slovenija)<\/li>\n<\/ul>\n<p><strong>ORGANISING BOARD<\/strong><\/p>\n<ul>\n<li>Andrej Ger\u0161ak, dipl. ekon. &#8211; predsednik<\/li>\n<li>Jo\u017ee Ger\u0161ak, univ. dipl. in\u017e. geod.<\/li>\n<li>Vesna Domadenik, dipl. ekon.<\/li>\n<li>doc. dr. Tatjana Kova\u010d<\/li>\n<li>mag. Tatjana Dolin\u0161ek<\/li>\n<li>mag. \u0160tefka Gorenak<\/li>\n<li>Damijan Pesjak, univ. dipl.bibl.<\/li>\n<li>Janja Ur\u0161i\u010d, prof. slov. in zgod.<\/li>\n<li>Andreja Nareks, dipl. in\u017e. log.<\/li>\n<li>Petra Golob, prof. mat. in ped.<\/li>\n<\/ul>\n","protected":false},"excerpt":{"rendered":"<p>THE PROGRAMME BOARD izr. prof. dr. Marjana Merka\u010d Skok (FKPV, Slovenija) &#8211; predsednica red. prof. dr. Desimir Bo\u0161kovi\u0107 (IPTPO, Hrva\u0161ka) doc. dr. Anita Goltnik Urnaut (FKPV, Slovenija) prof. dr. Bo\u0161tjan Anton\u010di\u010d (Univerza na Primorskem, Slovenija) red. prof. dr. Marjan Cingula (Ekonomska fakulteta Zagreb, Hrva\u0161ka) doc. dr. Mirela Cristea (University of Craiova, Romunija) izr. prof. dr. [&hellip;]<\/p>\n","protected":false},"author":1,"featured_media":0,"parent":6026,"menu_order":3,"comment_status":"closed","ping_status":"closed","template":"","meta":{"footnotes":""},"class_list":["post-6030","page","type-page","status-publish","hentry"],"yoast_head":"<!-- This site is optimized with the Yoast SEO plugin v25.4 - https:\/\/yoast.com\/wordpress\/plugins\/seo\/ -->\n<title>The Programme and Organising Board | FKPV<\/title>\n<meta name=\"description\" content=\"THE PROGRAMME BOARD izr. prof. dr. Marjana Merka\u010d Skok (FKPV, Slovenija) - predsednica red. prof. dr. Desimir Bo\u0161kovi\u0107 (IPTPO, Hrva\u0161ka) doc. dr. Anita\" \/>\n<meta name=\"robots\" content=\"index, follow, max-snippet:-1, max-image-preview:large, max-video-preview:-1\" \/>\n<link rel=\"canonical\" href=\"https:\/\/www.fkpv.si\/en\/conference-invitation\/the-programme-and-organising-board\/\" \/>\n<meta property=\"og:locale\" content=\"en_US\" \/>\n<meta property=\"og:type\" content=\"article\" \/>\n<meta property=\"og:title\" content=\"The Programme and Organising Board | FKPV\" \/>\n<meta property=\"og:description\" content=\"THE PROGRAMME BOARD izr. prof. dr. Marjana Merka\u010d Skok (FKPV, Slovenija) - predsednica red. prof. dr. Desimir Bo\u0161kovi\u0107 (IPTPO, Hrva\u0161ka) doc. dr. Anita\" \/>\n<meta property=\"og:url\" content=\"https:\/\/www.fkpv.si\/en\/conference-invitation\/the-programme-and-organising-board\/\" \/>\n<meta property=\"og:site_name\" content=\"FKPV\" \/>\n<meta property=\"article:modified_time\" content=\"2024-02-23T13:22:02+00:00\" \/>\n<meta property=\"og:image\" content=\"https:\/\/www.fkpv.si\/wp-content\/uploads\/2017\/01\/konferenca_header_2015.jpg\" \/>\n\t<meta property=\"og:image:width\" content=\"490\" \/>\n\t<meta property=\"og:image:height\" content=\"305\" \/>\n\t<meta property=\"og:image:type\" content=\"image\/jpeg\" \/>\n<meta name=\"twitter:card\" content=\"summary_large_image\" \/>\n<meta name=\"twitter:label1\" content=\"Est. reading time\" \/>\n\t<meta name=\"twitter:data1\" content=\"2 minutes\" \/>\n<script type=\"application\/ld+json\" class=\"yoast-schema-graph\">{\"@context\":\"https:\/\/schema.org\",\"@graph\":[{\"@type\":\"WebPage\",\"@id\":\"https:\/\/www.fkpv.si\/en\/conference-invitation\/the-programme-and-organising-board\/\",\"url\":\"https:\/\/www.fkpv.si\/en\/conference-invitation\/the-programme-and-organising-board\/\",\"name\":\"The Programme and Organising Board | FKPV\",\"isPartOf\":{\"@id\":\"https:\/\/www.fkpv.si\/#website\"},\"primaryImageOfPage\":{\"@id\":\"https:\/\/www.fkpv.si\/en\/conference-invitation\/the-programme-and-organising-board\/#primaryimage\"},\"image\":{\"@id\":\"https:\/\/www.fkpv.si\/en\/conference-invitation\/the-programme-and-organising-board\/#primaryimage\"},\"thumbnailUrl\":\"https:\/\/www.fkpv.si\/wp-content\/uploads\/2017\/01\/konferenca_header_2015.jpg\",\"datePublished\":\"2017-01-24T11:51:24+00:00\",\"dateModified\":\"2024-02-23T13:22:02+00:00\",\"description\":\"THE PROGRAMME BOARD izr. prof. dr. Marjana Merka\u010d Skok (FKPV, Slovenija) - predsednica red. prof. dr. Desimir Bo\u0161kovi\u0107 (IPTPO, Hrva\u0161ka) doc. dr. Anita\",\"breadcrumb\":{\"@id\":\"https:\/\/www.fkpv.si\/en\/conference-invitation\/the-programme-and-organising-board\/#breadcrumb\"},\"inLanguage\":\"en-US\",\"potentialAction\":[{\"@type\":\"ReadAction\",\"target\":[\"https:\/\/www.fkpv.si\/en\/conference-invitation\/the-programme-and-organising-board\/\"]}]},{\"@type\":\"ImageObject\",\"inLanguage\":\"en-US\",\"@id\":\"https:\/\/www.fkpv.si\/en\/conference-invitation\/the-programme-and-organising-board\/#primaryimage\",\"url\":\"https:\/\/www.fkpv.si\/wp-content\/uploads\/2017\/01\/konferenca_header_2015.jpg\",\"contentUrl\":\"https:\/\/www.fkpv.si\/wp-content\/uploads\/2017\/01\/konferenca_header_2015.jpg\"},{\"@type\":\"BreadcrumbList\",\"@id\":\"https:\/\/www.fkpv.si\/en\/conference-invitation\/the-programme-and-organising-board\/#breadcrumb\",\"itemListElement\":[{\"@type\":\"ListItem\",\"position\":1,\"name\":\"Home\",\"item\":\"https:\/\/www.fkpv.si\/en\/\"},{\"@type\":\"ListItem\",\"position\":2,\"name\":\"Conference\",\"item\":\"https:\/\/www.fkpv.si\/en\/conference-invitation\/\"},{\"@type\":\"ListItem\",\"position\":3,\"name\":\"The Programme and Organising Board\"}]},{\"@type\":\"WebSite\",\"@id\":\"https:\/\/www.fkpv.si\/#website\",\"url\":\"https:\/\/www.fkpv.si\/\",\"name\":\"FKPV\",\"description\":\"\",\"potentialAction\":[{\"@type\":\"SearchAction\",\"target\":{\"@type\":\"EntryPoint\",\"urlTemplate\":\"https:\/\/www.fkpv.si\/?s={search_term_string}\"},\"query-input\":{\"@type\":\"PropertyValueSpecification\",\"valueRequired\":true,\"valueName\":\"search_term_string\"}}],\"inLanguage\":\"en-US\"}]}<\/script>\n<!-- \/ Yoast SEO plugin. -->","yoast_head_json":{"title":"The Programme and Organising Board | FKPV","description":"THE PROGRAMME BOARD izr. prof. dr. Marjana Merka\u010d Skok (FKPV, Slovenija) - predsednica red. prof. dr. Desimir Bo\u0161kovi\u0107 (IPTPO, Hrva\u0161ka) doc. dr. Anita","robots":{"index":"index","follow":"follow","max-snippet":"max-snippet:-1","max-image-preview":"max-image-preview:large","max-video-preview":"max-video-preview:-1"},"canonical":"https:\/\/www.fkpv.si\/en\/conference-invitation\/the-programme-and-organising-board\/","og_locale":"en_US","og_type":"article","og_title":"The Programme and Organising Board | FKPV","og_description":"THE PROGRAMME BOARD izr. prof. dr. Marjana Merka\u010d Skok (FKPV, Slovenija) - predsednica red. prof. dr. Desimir Bo\u0161kovi\u0107 (IPTPO, Hrva\u0161ka) doc. dr. Anita","og_url":"https:\/\/www.fkpv.si\/en\/conference-invitation\/the-programme-and-organising-board\/","og_site_name":"FKPV","article_modified_time":"2024-02-23T13:22:02+00:00","og_image":[{"width":490,"height":305,"url":"https:\/\/www.fkpv.si\/wp-content\/uploads\/2017\/01\/konferenca_header_2015.jpg","type":"image\/jpeg"}],"twitter_card":"summary_large_image","twitter_misc":{"Est. reading time":"2 minutes"},"schema":{"@context":"https:\/\/schema.org","@graph":[{"@type":"WebPage","@id":"https:\/\/www.fkpv.si\/en\/conference-invitation\/the-programme-and-organising-board\/","url":"https:\/\/www.fkpv.si\/en\/conference-invitation\/the-programme-and-organising-board\/","name":"The Programme and Organising Board | FKPV","isPartOf":{"@id":"https:\/\/www.fkpv.si\/#website"},"primaryImageOfPage":{"@id":"https:\/\/www.fkpv.si\/en\/conference-invitation\/the-programme-and-organising-board\/#primaryimage"},"image":{"@id":"https:\/\/www.fkpv.si\/en\/conference-invitation\/the-programme-and-organising-board\/#primaryimage"},"thumbnailUrl":"https:\/\/www.fkpv.si\/wp-content\/uploads\/2017\/01\/konferenca_header_2015.jpg","datePublished":"2017-01-24T11:51:24+00:00","dateModified":"2024-02-23T13:22:02+00:00","description":"THE PROGRAMME BOARD izr. prof. dr. Marjana Merka\u010d Skok (FKPV, Slovenija) - predsednica red. prof. dr. Desimir Bo\u0161kovi\u0107 (IPTPO, Hrva\u0161ka) doc. dr. Anita","breadcrumb":{"@id":"https:\/\/www.fkpv.si\/en\/conference-invitation\/the-programme-and-organising-board\/#breadcrumb"},"inLanguage":"en-US","potentialAction":[{"@type":"ReadAction","target":["https:\/\/www.fkpv.si\/en\/conference-invitation\/the-programme-and-organising-board\/"]}]},{"@type":"ImageObject","inLanguage":"en-US","@id":"https:\/\/www.fkpv.si\/en\/conference-invitation\/the-programme-and-organising-board\/#primaryimage","url":"https:\/\/www.fkpv.si\/wp-content\/uploads\/2017\/01\/konferenca_header_2015.jpg","contentUrl":"https:\/\/www.fkpv.si\/wp-content\/uploads\/2017\/01\/konferenca_header_2015.jpg"},{"@type":"BreadcrumbList","@id":"https:\/\/www.fkpv.si\/en\/conference-invitation\/the-programme-and-organising-board\/#breadcrumb","itemListElement":[{"@type":"ListItem","position":1,"name":"Home","item":"https:\/\/www.fkpv.si\/en\/"},{"@type":"ListItem","position":2,"name":"Conference","item":"https:\/\/www.fkpv.si\/en\/conference-invitation\/"},{"@type":"ListItem","position":3,"name":"The Programme and Organising Board"}]},{"@type":"WebSite","@id":"https:\/\/www.fkpv.si\/#website","url":"https:\/\/www.fkpv.si\/","name":"FKPV","description":"","potentialAction":[{"@type":"SearchAction","target":{"@type":"EntryPoint","urlTemplate":"https:\/\/www.fkpv.si\/?s={search_term_string}"},"query-input":{"@type":"PropertyValueSpecification","valueRequired":true,"valueName":"search_term_string"}}],"inLanguage":"en-US"}]}},"_links":{"self":[{"href":"https:\/\/www.fkpv.si\/en\/wp-json\/wp\/v2\/pages\/6030","targetHints":{"allow":["GET"]}}],"collection":[{"href":"https:\/\/www.fkpv.si\/en\/wp-json\/wp\/v2\/pages"}],"about":[{"href":"https:\/\/www.fkpv.si\/en\/wp-json\/wp\/v2\/types\/page"}],"author":[{"embeddable":true,"href":"https:\/\/www.fkpv.si\/en\/wp-json\/wp\/v2\/users\/1"}],"replies":[{"embeddable":true,"href":"https:\/\/www.fkpv.si\/en\/wp-json\/wp\/v2\/comments?post=6030"}],"version-history":[{"count":3,"href":"https:\/\/www.fkpv.si\/en\/wp-json\/wp\/v2\/pages\/6030\/revisions"}],"predecessor-version":[{"id":6791,"href":"https:\/\/www.fkpv.si\/en\/wp-json\/wp\/v2\/pages\/6030\/revisions\/6791"}],"up":[{"embeddable":true,"href":"https:\/\/www.fkpv.si\/en\/wp-json\/wp\/v2\/pages\/6026"}],"wp:attachment":[{"href":"https:\/\/www.fkpv.si\/en\/wp-json\/wp\/v2\/media?parent=6030"}],"curies":[{"name":"wp","href":"https:\/\/api.w.org\/{rel}","templated":true}]}}