{"id":6063,"date":"2017-01-24T13:04:33","date_gmt":"2017-01-24T12:04:33","guid":{"rendered":"http:\/\/www.fkpv.si\/en\/?page_id=6063"},"modified":"2024-02-23T14:22:03","modified_gmt":"2024-02-23T13:22:03","slug":"editorial-team","status":"publish","type":"page","link":"https:\/\/www.fkpv.si\/en\/fkpv-journal\/people\/editorial-team\/","title":{"rendered":"Editorial Team"},"content":{"rendered":"<p><span style=\"font-size: 14px; padding: 0px 0px 3px; color: #282881; font-weight: bold;\">General and responsible editor<\/span><\/p>\n<p><span style=\"font-size: 14px; padding: 0px 0px 3px; color: #282881; font-weight: bold;\"><span style=\"font-family: Arial, Arial, Helvetica, sans-serif; line-height: 17.0240001678467px; background-color: #fafafa;\">Marjana Merka\u010d Skok,\u00a0PhD, Associate Prof.<\/span><\/span><span style=\"font-family: Arial, Arial, Helvetica, sans-serif; line-height: 17.0240001678467px; background-color: #fafafa;\"><\/span><br \/>\nFaculty of Commercial and Business Sciences<br \/>\nLava 7, 3000 Celje, Slovenia<\/p>\n<p><span style=\"font-size: 14px; padding: 0px 0px 3px; color: #282881; font-weight: bold;\">Assistant of general and responsible editor<\/span><br \/>\n\u0160tefka Gorenak, MSc., Slovenia<\/p>\n<p><span style=\"font-size: 14px; padding: 0px 0px 3px; color: #282881; font-weight: bold;\">Publishing Managers<\/span><br \/>\nDamijan Pesjak,\u00a0<span style=\"font-family: Arial, Arial, Helvetica, sans-serif; line-height: 17.0240001678467px; background-color: #fafafa;\">univ. dipl. bibl.,\u00a0<\/span>Slovenia<br \/>\nJanja Pesjak,\u00a0<span style=\"font-family: Arial, Arial, Helvetica, sans-serif; line-height: 17.0240001678467px; background-color: #fafafa;\">prof. slov. in zgod.,\u00a0<\/span>Slovenia<\/p>\n<p><span style=\"font-size: 14px; padding: 0px 0px 3px; color: #282881; font-weight: bold;\">Technical manager<\/span><br \/>\nAndreja Nareks,\u00a0<span style=\"font-family: Arial, Arial, Helvetica, sans-serif; line-height: 17.0240001678467px; background-color: #fafafa;\">BSc. (Logistic),\u00a0<\/span>Slovenia<br \/>\n<span style=\"font-size: 14px; padding: 0px 0px 3px; color: #282881; font-weight: bold;\"><br \/>\nInternational Editorial Board<\/span><br \/>\ndr. Marijan Cingula, Ekonomski Fakultet, Univerzitet Zagreb, Croatia<br \/>\ndr. Milena Per\u0161i\u010d, University Rijeka, Fakultet za menad\u017ement u turizmu i ugostiteljstvu, Croatia<br \/>\ndr. Fuada Stankovi\u0107, Law Faculty University of Novi Sad, Serbia<br \/>\ndr. Julian Schuster, Webster University, USA<br \/>\ndr. Kiril Todorov, University of National and World Economy, Bulgaria<br \/>\ndr. \u0110ur\u0111ica Juri\u0107, RRIF Zagreb, Croatia<br \/>\ndr. Anita Goltnik Urnaut, FKPV, Slovenia<br \/>\ndr. Hana \u0160uster Erjavec, FKPV, Slovenia<br \/>\ndr. Tanja Kova\u010d, FKPV, Slovenia<br \/>\ndr. Goran Vukovi\u0107, Fakulteta za organizacijske vede, Univerza Maribor, Slovenia<br \/>\ndr. Robert Leskovar, Fakulteta za organizacijske vede, Univerza Maribor, Slovenia<br \/>\ndr. Marli Gonan Bo\u017eac, Univerzitet Juraj Dobrila Pula, Croatia<br \/>\ndr. Kristina Kosi\u0107, University of Novi sad, Department of Geography, Tourism and Hotel Management, Serbia<br \/>\ndr. Spremi\u0107 Mario, EKONOMSKI FAKULTET Univerzitet Zagreb, Croatia<br \/>\ndr. Ivan Strugar, EKONOMSKI FAKULTET Univerzitet Zagreb, Croatia<br \/>\ndr. Ksenija Dumi\u010di\u0107, EKONOMSKI FAKULTET Univerzitet Zagreb, Croatia<br \/>\ndr. Aziz \u0160unje, Ekonomski fakultet u Sarajevu, BIH<br \/>\ndr. Mirjana Peji\u0107 Bach, Ekonomski Fakultet, Univerzitet Zagreb, Croatia<br \/>\ndr. Hermann Frank, Economic University Wien, Austria<br \/>\ndr. Vujadin Ve\u0161ovi\u0107, FMSK Fakultet za saobra\u010daj, komunikacije i logiostiku, Berane, Montenegro<br \/>\ndr. Jan Waluszewski, Boleslaw Markowski Higher School of Commerce in Kielce, Poland<br \/>\ndr. Darko Tipuri\u0107, EKONOMSKI FAKULTET Univerzitet Zagreb, Croatia<br \/>\ndr. Zdenko Cerovi\u0107, FTHM \u2013 University Rijeka, Fakultet za menad\u017ement u turizmu i ugostiteljstvu, Croatia<br \/>\ndr. Margret Jonsdotir, Reykjavik University, Island<br \/>\ndr. Gunta Veismane, The University College of Economics and Culture (Ekonomikas un kult\u016bras augstskola), Latvia<\/p>\n","protected":false},"excerpt":{"rendered":"<p>General and responsible editor Marjana Merka\u010d Skok,\u00a0PhD, Associate Prof. Faculty of Commercial and Business Sciences Lava 7, 3000 Celje, Slovenia Assistant of general and responsible editor \u0160tefka Gorenak, MSc., Slovenia Publishing Managers Damijan Pesjak,\u00a0univ. dipl. bibl.,\u00a0Slovenia Janja Pesjak,\u00a0prof. slov. in zgod.,\u00a0Slovenia Technical manager Andreja Nareks,\u00a0BSc. (Logistic),\u00a0Slovenia International Editorial Board dr. Marijan Cingula, Ekonomski Fakultet, Univerzitet [&hellip;]<\/p>\n","protected":false},"author":1,"featured_media":0,"parent":6059,"menu_order":1,"comment_status":"closed","ping_status":"closed","template":"","meta":{"footnotes":""},"class_list":["post-6063","page","type-page","status-publish","hentry"],"yoast_head":"<!-- This site is optimized with the Yoast SEO plugin v25.4 - https:\/\/yoast.com\/wordpress\/plugins\/seo\/ -->\n<title>Editorial Team | FKPV<\/title>\n<meta name=\"description\" content=\"General and responsible editor Marjana Merka\u010d Skok,\u00a0PhD, Associate Prof. Faculty of Commercial and Business Sciences Lava 7, 3000 Celje, Slovenia\" \/>\n<meta name=\"robots\" content=\"index, follow, max-snippet:-1, max-image-preview:large, max-video-preview:-1\" \/>\n<link rel=\"canonical\" href=\"https:\/\/www.fkpv.si\/en\/fkpv-journal\/people\/editorial-team\/\" \/>\n<meta property=\"og:locale\" content=\"en_US\" \/>\n<meta property=\"og:type\" content=\"article\" \/>\n<meta property=\"og:title\" content=\"Editorial Team | FKPV\" \/>\n<meta property=\"og:description\" content=\"General and responsible editor Marjana Merka\u010d Skok,\u00a0PhD, Associate Prof. Faculty of Commercial and Business Sciences Lava 7, 3000 Celje, Slovenia\" \/>\n<meta property=\"og:url\" content=\"https:\/\/www.fkpv.si\/en\/fkpv-journal\/people\/editorial-team\/\" \/>\n<meta property=\"og:site_name\" content=\"FKPV\" \/>\n<meta property=\"article:modified_time\" content=\"2024-02-23T13:22:03+00:00\" \/>\n<meta name=\"twitter:card\" content=\"summary_large_image\" \/>\n<meta name=\"twitter:label1\" content=\"Est. reading time\" \/>\n\t<meta name=\"twitter:data1\" content=\"1 minute\" \/>\n<script type=\"application\/ld+json\" class=\"yoast-schema-graph\">{\"@context\":\"https:\/\/schema.org\",\"@graph\":[{\"@type\":\"WebPage\",\"@id\":\"https:\/\/www.fkpv.si\/en\/fkpv-journal\/people\/editorial-team\/\",\"url\":\"https:\/\/www.fkpv.si\/en\/fkpv-journal\/people\/editorial-team\/\",\"name\":\"Editorial Team | FKPV\",\"isPartOf\":{\"@id\":\"https:\/\/www.fkpv.si\/#website\"},\"datePublished\":\"2017-01-24T12:04:33+00:00\",\"dateModified\":\"2024-02-23T13:22:03+00:00\",\"description\":\"General and responsible editor Marjana Merka\u010d Skok,\u00a0PhD, Associate Prof. Faculty of Commercial and Business Sciences Lava 7, 3000 Celje, Slovenia\",\"breadcrumb\":{\"@id\":\"https:\/\/www.fkpv.si\/en\/fkpv-journal\/people\/editorial-team\/#breadcrumb\"},\"inLanguage\":\"en-US\",\"potentialAction\":[{\"@type\":\"ReadAction\",\"target\":[\"https:\/\/www.fkpv.si\/en\/fkpv-journal\/people\/editorial-team\/\"]}]},{\"@type\":\"BreadcrumbList\",\"@id\":\"https:\/\/www.fkpv.si\/en\/fkpv-journal\/people\/editorial-team\/#breadcrumb\",\"itemListElement\":[{\"@type\":\"ListItem\",\"position\":1,\"name\":\"Home\",\"item\":\"https:\/\/www.fkpv.si\/en\/\"},{\"@type\":\"ListItem\",\"position\":2,\"name\":\"FKPV Journal\",\"item\":\"https:\/\/www.fkpv.si\/en\/fkpv-journal\/\"},{\"@type\":\"ListItem\",\"position\":3,\"name\":\"People\",\"item\":\"https:\/\/www.fkpv.si\/en\/fkpv-journal\/people\/\"},{\"@type\":\"ListItem\",\"position\":4,\"name\":\"Editorial Team\"}]},{\"@type\":\"WebSite\",\"@id\":\"https:\/\/www.fkpv.si\/#website\",\"url\":\"https:\/\/www.fkpv.si\/\",\"name\":\"FKPV\",\"description\":\"\",\"potentialAction\":[{\"@type\":\"SearchAction\",\"target\":{\"@type\":\"EntryPoint\",\"urlTemplate\":\"https:\/\/www.fkpv.si\/?s={search_term_string}\"},\"query-input\":{\"@type\":\"PropertyValueSpecification\",\"valueRequired\":true,\"valueName\":\"search_term_string\"}}],\"inLanguage\":\"en-US\"}]}<\/script>\n<!-- \/ Yoast SEO plugin. -->","yoast_head_json":{"title":"Editorial Team | FKPV","description":"General and responsible editor Marjana Merka\u010d Skok,\u00a0PhD, Associate Prof. Faculty of Commercial and Business Sciences Lava 7, 3000 Celje, Slovenia","robots":{"index":"index","follow":"follow","max-snippet":"max-snippet:-1","max-image-preview":"max-image-preview:large","max-video-preview":"max-video-preview:-1"},"canonical":"https:\/\/www.fkpv.si\/en\/fkpv-journal\/people\/editorial-team\/","og_locale":"en_US","og_type":"article","og_title":"Editorial Team | FKPV","og_description":"General and responsible editor Marjana Merka\u010d Skok,\u00a0PhD, Associate Prof. Faculty of Commercial and Business Sciences Lava 7, 3000 Celje, Slovenia","og_url":"https:\/\/www.fkpv.si\/en\/fkpv-journal\/people\/editorial-team\/","og_site_name":"FKPV","article_modified_time":"2024-02-23T13:22:03+00:00","twitter_card":"summary_large_image","twitter_misc":{"Est. reading time":"1 minute"},"schema":{"@context":"https:\/\/schema.org","@graph":[{"@type":"WebPage","@id":"https:\/\/www.fkpv.si\/en\/fkpv-journal\/people\/editorial-team\/","url":"https:\/\/www.fkpv.si\/en\/fkpv-journal\/people\/editorial-team\/","name":"Editorial Team | FKPV","isPartOf":{"@id":"https:\/\/www.fkpv.si\/#website"},"datePublished":"2017-01-24T12:04:33+00:00","dateModified":"2024-02-23T13:22:03+00:00","description":"General and responsible editor Marjana Merka\u010d Skok,\u00a0PhD, Associate Prof. Faculty of Commercial and Business Sciences Lava 7, 3000 Celje, Slovenia","breadcrumb":{"@id":"https:\/\/www.fkpv.si\/en\/fkpv-journal\/people\/editorial-team\/#breadcrumb"},"inLanguage":"en-US","potentialAction":[{"@type":"ReadAction","target":["https:\/\/www.fkpv.si\/en\/fkpv-journal\/people\/editorial-team\/"]}]},{"@type":"BreadcrumbList","@id":"https:\/\/www.fkpv.si\/en\/fkpv-journal\/people\/editorial-team\/#breadcrumb","itemListElement":[{"@type":"ListItem","position":1,"name":"Home","item":"https:\/\/www.fkpv.si\/en\/"},{"@type":"ListItem","position":2,"name":"FKPV Journal","item":"https:\/\/www.fkpv.si\/en\/fkpv-journal\/"},{"@type":"ListItem","position":3,"name":"People","item":"https:\/\/www.fkpv.si\/en\/fkpv-journal\/people\/"},{"@type":"ListItem","position":4,"name":"Editorial Team"}]},{"@type":"WebSite","@id":"https:\/\/www.fkpv.si\/#website","url":"https:\/\/www.fkpv.si\/","name":"FKPV","description":"","potentialAction":[{"@type":"SearchAction","target":{"@type":"EntryPoint","urlTemplate":"https:\/\/www.fkpv.si\/?s={search_term_string}"},"query-input":{"@type":"PropertyValueSpecification","valueRequired":true,"valueName":"search_term_string"}}],"inLanguage":"en-US"}]}},"_links":{"self":[{"href":"https:\/\/www.fkpv.si\/en\/wp-json\/wp\/v2\/pages\/6063","targetHints":{"allow":["GET"]}}],"collection":[{"href":"https:\/\/www.fkpv.si\/en\/wp-json\/wp\/v2\/pages"}],"about":[{"href":"https:\/\/www.fkpv.si\/en\/wp-json\/wp\/v2\/types\/page"}],"author":[{"embeddable":true,"href":"https:\/\/www.fkpv.si\/en\/wp-json\/wp\/v2\/users\/1"}],"replies":[{"embeddable":true,"href":"https:\/\/www.fkpv.si\/en\/wp-json\/wp\/v2\/comments?post=6063"}],"version-history":[{"count":1,"href":"https:\/\/www.fkpv.si\/en\/wp-json\/wp\/v2\/pages\/6063\/revisions"}],"predecessor-version":[{"id":6064,"href":"https:\/\/www.fkpv.si\/en\/wp-json\/wp\/v2\/pages\/6063\/revisions\/6064"}],"up":[{"embeddable":true,"href":"https:\/\/www.fkpv.si\/en\/wp-json\/wp\/v2\/pages\/6059"}],"wp:attachment":[{"href":"https:\/\/www.fkpv.si\/en\/wp-json\/wp\/v2\/media?parent=6063"}],"curies":[{"name":"wp","href":"https:\/\/api.w.org\/{rel}","templated":true}]}}