{"id":6180,"date":"2017-01-24T14:01:41","date_gmt":"2017-01-24T13:01:41","guid":{"rendered":"http:\/\/www.fkpv.si\/en\/?page_id=6180"},"modified":"2024-02-23T14:22:01","modified_gmt":"2024-02-23T13:22:01","slug":"partner-institutions","status":"publish","type":"page","link":"https:\/\/www.fkpv.si\/en\/international-relations\/partner-institutions\/","title":{"rendered":"Partner institutions"},"content":{"rendered":"<div class=\"wpb-content-wrapper\"><p>[vc_row][vc_column][vc_column_text]<\/p>\n<table cellspacing=\"1\" cellpadding=\"1\" border=\"1\" width=\"100%\">\n<tbody>\n<tr>\n<td style=\"background-color: #282882;\"><span style=\"color: #ffffff;\"><strong>Institution<\/strong><\/span><\/td>\n<td style=\"background-color: #282882;\"><span style=\"color: #ffffff;\"><strong>City, Country<\/strong><\/span><\/td>\n<td style=\"background-color: #282882;\"><span style=\"color: #ffffff;\"><strong>Web site<\/strong><\/span><\/td>\n<\/tr>\n<tr>\n<td>Boles\u0142aw Markowski Higher School of Commerce in Kielce<\/td>\n<td>Kielce, Poljska<\/td>\n<td><a href=\"http:\/\/www.wsh-kielce.edu.pl\">http:\/\/www.wsh-kielce.edu.pl<\/a><\/td>\n<\/tr>\n<tr>\n<td>University College of Economics, Entrepreneurship and Management Nikola Subic Zrinski<\/td>\n<td>Zagreb, Hrva\u0161ka<\/td>\n<td><a href=\"http:\/\/www.zrinski.org\/group\">http:\/\/www.zrinski.org\/group<\/a><\/td>\n<\/tr>\n<tr>\n<td>Universitat de Girona<\/td>\n<td>Girona, Barcelona, \u0160panija<\/td>\n<td><a href=\"http:\/\/www.udg.edu\">http:\/\/www.udg.edu<\/a><\/td>\n<\/tr>\n<tr>\n<td>Edutus College<\/td>\n<td>Budinpe\u0161ta, Mad\u017earska<\/td>\n<td><a href=\"http:\/\/www.edutus.hu\/english\">http:\/\/www.edutus.hu\/english<\/a><\/td>\n<\/tr>\n<tr>\n<td>Kolping University of Applied Sciences<\/td>\n<td>Kolping, Litva<\/td>\n<td><a href=\"http:\/\/kolegija.kolping.lt\">http:\/\/kolegija.kolping.lt<\/a><\/td>\n<\/tr>\n<tr>\n<td>Bal\u0131kesir University<\/td>\n<td>Bal\u0131kesir, Tur\u010dija<\/td>\n<td><a href=\"http:\/\/www.balikesir.edu.tr\/bau_eng\">http:\/\/www.balikesir.edu.tr\/bau_eng<\/a><\/td>\n<\/tr>\n<tr>\n<td>Aleksander Technological Educational Institute (A.T.E.I.) of Thessaloniki<\/td>\n<td>Thessaloniki, Greece<\/td>\n<td>\u00a0<a href=\"http:\/\/www.teithe.gr\/index_en.html\">http:\/\/www.teithe.gr\/index_en.html<\/a><\/td>\n<\/tr>\n<tr>\n<td>Katholieke Hogeschool Brugge-Oostende, Catholic University College Bruges \u2013 Ostend<\/td>\n<td>Brugge, Belgium<\/td>\n<td><a href=\"http:\/\/www.khbo.be\">http:\/\/www.khbo.be<\/a><\/td>\n<\/tr>\n<tr>\n<td>Universidad of Granada<\/td>\n<td>Granada, Spain<\/td>\n<td>\u00a0<a href=\"http:\/\/www.ugr.es\">http:\/\/www.ugr.es<\/a><\/td>\n<\/tr>\n<tr>\n<td>Universidad Catolica de Avila<\/td>\n<td>Avila, Spain<\/td>\n<td><a href=\"http:\/\/www.ucavila.es\">http:\/\/www.ucavila.es<\/a><\/td>\n<\/tr>\n<tr>\n<td>Instituto Politecnico do Porto<\/td>\n<td>Porto, Portugal<\/td>\n<td>\u00a0<a href=\"http:\/\/www.ipp.pt\/index.php\">http:\/\/www.ipp.pt\/index.php<\/a><\/td>\n<\/tr>\n<tr>\n<td>ISAG &#8211; Instituto Superior de Administracao e Gestao<\/td>\n<td>Porto, Portugal<\/td>\n<td>\u00a0<a href=\"http:\/\/www.isag.pt\/isag\/web_page.inicial\">http:\/\/www.isag.pt\/isag\/web_page.inicial<\/a><\/td>\n<\/tr>\n<tr>\n<td>UNIVERSITY of VINCENT POL<\/td>\n<td>Lublin, Poland<\/td>\n<td><a href=\"http:\/\/wssp.edu.pl\">http:\/\/wssp.edu.pl<\/a><\/td>\n<\/tr>\n<tr>\n<td>MUGLA UNIVERSITY<\/td>\n<td>Mugla, Turkey<\/td>\n<td><a href=\"http:\/\/www.mu.edu.tr\/e\/\">\u00a0http:\/\/www.mu.edu.tr\/e\/<\/a><\/td>\n<\/tr>\n<tr>\n<td>Ordu University-TR ORDU<\/td>\n<td>Ordu, Turkey<\/td>\n<td><a href=\"http:\/\/www.odu.edu.tr\">http:\/\/www.odu.edu.tr<\/a>.<\/td>\n<\/tr>\n<tr>\n<td>University of Economics in Bratislava<\/td>\n<td>Bratislava, Slowakia<\/td>\n<td><a href=\"http:\/\/www.euba.sk\">http:\/\/www.euba.sk<\/a><\/td>\n<\/tr>\n<tr>\n<td>RRiF Visoka \u0161kola za financijski menad\u017ement<\/td>\n<td>Zagreb, Croatia<\/td>\n<td>\u00a0<a href=\"http:\/\/www.visoka-skola-rrif.hr\/\">http:\/\/www.visoka-skola-rrif.hr\/<\/a><\/td>\n<\/tr>\n<tr>\n<td>College of Social Sciences<\/td>\n<td>Klaipeda Lithuania<\/td>\n<td><a href=\"http:\/\/www.smk.lt\/en\/\">http:\/\/www.smk.lt\/en\/<\/a><\/td>\n<\/tr>\n<tr>\n<td>VERN&#8217; University of applied sciences<\/td>\n<td>Zagreb, Croatia<\/td>\n<td><a href=\"http:\/\/www.vern.hr\">http:\/\/www.vern.hr<\/a><\/td>\n<\/tr>\n<tr>\n<td>Universidad Europea de Madrid<\/td>\n<td>Madrid, Spain<\/td>\n<td><a href=\"http:\/\/www.uem.es\/en\">http:\/\/www.uem.es\/en<\/a><\/td>\n<\/tr>\n<tr>\n<td>Scuola universitaria professionale della Svizzera italiana (SUPSI)<\/td>\n<td>Manno, Switzerland<\/td>\n<td><a href=\"http:\/\/www.supsi.ch\">http:\/\/www.supsi.ch<\/a><\/td>\n<\/tr>\n<tr>\n<td>Univerzo za ekonomiko in kulturo<br \/>\n(Ekonomikas und kulturas augtskola)<\/td>\n<td>Riga, Latvija<\/td>\n<td><a href=\"http:\/\/eka.edu.lv\/public\/index.html\">http:\/\/eka.edu.lv\/public\/index.html<\/a><\/td>\n<\/tr>\n<\/tbody>\n<\/table>\n<p>[\/vc_column_text][\/vc_column][\/vc_row]<\/p>\n<\/div>","protected":false},"excerpt":{"rendered":"<p>[vc_row][vc_column][vc_column_text] Institution City, Country Web site Boles\u0142aw Markowski Higher School of Commerce in Kielce Kielce, Poljska http:\/\/www.wsh-kielce.edu.pl University College of Economics, Entrepreneurship and Management Nikola Subic Zrinski Zagreb, Hrva\u0161ka http:\/\/www.zrinski.org\/group Universitat de Girona Girona, Barcelona, \u0160panija http:\/\/www.udg.edu Edutus College Budinpe\u0161ta, Mad\u017earska http:\/\/www.edutus.hu\/english Kolping University of Applied Sciences Kolping, Litva http:\/\/kolegija.kolping.lt Bal\u0131kesir University Bal\u0131kesir, Tur\u010dija http:\/\/www.balikesir.edu.tr\/bau_eng [&hellip;]<\/p>\n","protected":false},"author":1,"featured_media":0,"parent":6012,"menu_order":1,"comment_status":"closed","ping_status":"closed","template":"","meta":{"footnotes":""},"class_list":["post-6180","page","type-page","status-publish","hentry"],"yoast_head":"<!-- This site is optimized with the Yoast SEO plugin v25.4 - https:\/\/yoast.com\/wordpress\/plugins\/seo\/ -->\n<title>Partner institutions | FKPV<\/title>\n<meta name=\"description\" content=\"Institution City, Country Web site Boles\u0142aw Markowski Higher School of Commerce in Kielce Kielce, Poljska http:\/\/www.wsh-kielce.edu.pl University College\" \/>\n<meta name=\"robots\" content=\"index, follow, max-snippet:-1, max-image-preview:large, max-video-preview:-1\" \/>\n<link rel=\"canonical\" href=\"https:\/\/www.fkpv.si\/en\/international-relations\/partner-institutions\/\" \/>\n<meta property=\"og:locale\" content=\"en_US\" \/>\n<meta property=\"og:type\" content=\"article\" \/>\n<meta property=\"og:title\" content=\"Partner institutions | FKPV\" \/>\n<meta property=\"og:description\" content=\"Institution City, Country Web site Boles\u0142aw Markowski Higher School of Commerce in Kielce Kielce, Poljska http:\/\/www.wsh-kielce.edu.pl University College\" \/>\n<meta property=\"og:url\" content=\"https:\/\/www.fkpv.si\/en\/international-relations\/partner-institutions\/\" \/>\n<meta property=\"og:site_name\" content=\"FKPV\" \/>\n<meta property=\"article:modified_time\" content=\"2024-02-23T13:22:01+00:00\" \/>\n<meta name=\"twitter:card\" content=\"summary_large_image\" \/>\n<meta name=\"twitter:label1\" content=\"Est. reading time\" \/>\n\t<meta name=\"twitter:data1\" content=\"1 minute\" \/>\n<script type=\"application\/ld+json\" class=\"yoast-schema-graph\">{\"@context\":\"https:\/\/schema.org\",\"@graph\":[{\"@type\":\"WebPage\",\"@id\":\"https:\/\/www.fkpv.si\/en\/international-relations\/partner-institutions\/\",\"url\":\"https:\/\/www.fkpv.si\/en\/international-relations\/partner-institutions\/\",\"name\":\"Partner institutions | FKPV\",\"isPartOf\":{\"@id\":\"https:\/\/www.fkpv.si\/#website\"},\"datePublished\":\"2017-01-24T13:01:41+00:00\",\"dateModified\":\"2024-02-23T13:22:01+00:00\",\"description\":\"Institution City, Country Web site Boles\u0142aw Markowski Higher School of Commerce in Kielce Kielce, Poljska http:\/\/www.wsh-kielce.edu.pl University College\",\"breadcrumb\":{\"@id\":\"https:\/\/www.fkpv.si\/en\/international-relations\/partner-institutions\/#breadcrumb\"},\"inLanguage\":\"en-US\",\"potentialAction\":[{\"@type\":\"ReadAction\",\"target\":[\"https:\/\/www.fkpv.si\/en\/international-relations\/partner-institutions\/\"]}]},{\"@type\":\"BreadcrumbList\",\"@id\":\"https:\/\/www.fkpv.si\/en\/international-relations\/partner-institutions\/#breadcrumb\",\"itemListElement\":[{\"@type\":\"ListItem\",\"position\":1,\"name\":\"Home\",\"item\":\"https:\/\/www.fkpv.si\/en\/\"},{\"@type\":\"ListItem\",\"position\":2,\"name\":\"International Relations\",\"item\":\"https:\/\/www.fkpv.si\/en\/international-relations\/\"},{\"@type\":\"ListItem\",\"position\":3,\"name\":\"Partner institutions\"}]},{\"@type\":\"WebSite\",\"@id\":\"https:\/\/www.fkpv.si\/#website\",\"url\":\"https:\/\/www.fkpv.si\/\",\"name\":\"FKPV\",\"description\":\"\",\"potentialAction\":[{\"@type\":\"SearchAction\",\"target\":{\"@type\":\"EntryPoint\",\"urlTemplate\":\"https:\/\/www.fkpv.si\/?s={search_term_string}\"},\"query-input\":{\"@type\":\"PropertyValueSpecification\",\"valueRequired\":true,\"valueName\":\"search_term_string\"}}],\"inLanguage\":\"en-US\"}]}<\/script>\n<!-- \/ Yoast SEO plugin. -->","yoast_head_json":{"title":"Partner institutions | FKPV","description":"Institution City, Country Web site Boles\u0142aw Markowski Higher School of Commerce in Kielce Kielce, Poljska http:\/\/www.wsh-kielce.edu.pl University College","robots":{"index":"index","follow":"follow","max-snippet":"max-snippet:-1","max-image-preview":"max-image-preview:large","max-video-preview":"max-video-preview:-1"},"canonical":"https:\/\/www.fkpv.si\/en\/international-relations\/partner-institutions\/","og_locale":"en_US","og_type":"article","og_title":"Partner institutions | FKPV","og_description":"Institution City, Country Web site Boles\u0142aw Markowski Higher School of Commerce in Kielce Kielce, Poljska http:\/\/www.wsh-kielce.edu.pl University College","og_url":"https:\/\/www.fkpv.si\/en\/international-relations\/partner-institutions\/","og_site_name":"FKPV","article_modified_time":"2024-02-23T13:22:01+00:00","twitter_card":"summary_large_image","twitter_misc":{"Est. reading time":"1 minute"},"schema":{"@context":"https:\/\/schema.org","@graph":[{"@type":"WebPage","@id":"https:\/\/www.fkpv.si\/en\/international-relations\/partner-institutions\/","url":"https:\/\/www.fkpv.si\/en\/international-relations\/partner-institutions\/","name":"Partner institutions | FKPV","isPartOf":{"@id":"https:\/\/www.fkpv.si\/#website"},"datePublished":"2017-01-24T13:01:41+00:00","dateModified":"2024-02-23T13:22:01+00:00","description":"Institution City, Country Web site Boles\u0142aw Markowski Higher School of Commerce in Kielce Kielce, Poljska http:\/\/www.wsh-kielce.edu.pl University College","breadcrumb":{"@id":"https:\/\/www.fkpv.si\/en\/international-relations\/partner-institutions\/#breadcrumb"},"inLanguage":"en-US","potentialAction":[{"@type":"ReadAction","target":["https:\/\/www.fkpv.si\/en\/international-relations\/partner-institutions\/"]}]},{"@type":"BreadcrumbList","@id":"https:\/\/www.fkpv.si\/en\/international-relations\/partner-institutions\/#breadcrumb","itemListElement":[{"@type":"ListItem","position":1,"name":"Home","item":"https:\/\/www.fkpv.si\/en\/"},{"@type":"ListItem","position":2,"name":"International Relations","item":"https:\/\/www.fkpv.si\/en\/international-relations\/"},{"@type":"ListItem","position":3,"name":"Partner institutions"}]},{"@type":"WebSite","@id":"https:\/\/www.fkpv.si\/#website","url":"https:\/\/www.fkpv.si\/","name":"FKPV","description":"","potentialAction":[{"@type":"SearchAction","target":{"@type":"EntryPoint","urlTemplate":"https:\/\/www.fkpv.si\/?s={search_term_string}"},"query-input":{"@type":"PropertyValueSpecification","valueRequired":true,"valueName":"search_term_string"}}],"inLanguage":"en-US"}]}},"_links":{"self":[{"href":"https:\/\/www.fkpv.si\/en\/wp-json\/wp\/v2\/pages\/6180","targetHints":{"allow":["GET"]}}],"collection":[{"href":"https:\/\/www.fkpv.si\/en\/wp-json\/wp\/v2\/pages"}],"about":[{"href":"https:\/\/www.fkpv.si\/en\/wp-json\/wp\/v2\/types\/page"}],"author":[{"embeddable":true,"href":"https:\/\/www.fkpv.si\/en\/wp-json\/wp\/v2\/users\/1"}],"replies":[{"embeddable":true,"href":"https:\/\/www.fkpv.si\/en\/wp-json\/wp\/v2\/comments?post=6180"}],"version-history":[{"count":3,"href":"https:\/\/www.fkpv.si\/en\/wp-json\/wp\/v2\/pages\/6180\/revisions"}],"predecessor-version":[{"id":7359,"href":"https:\/\/www.fkpv.si\/en\/wp-json\/wp\/v2\/pages\/6180\/revisions\/7359"}],"up":[{"embeddable":true,"href":"https:\/\/www.fkpv.si\/en\/wp-json\/wp\/v2\/pages\/6012"}],"wp:attachment":[{"href":"https:\/\/www.fkpv.si\/en\/wp-json\/wp\/v2\/media?parent=6180"}],"curies":[{"name":"wp","href":"https:\/\/api.w.org\/{rel}","templated":true}]}}